{"id":107,"date":"2018-12-06T09:26:12","date_gmt":"2018-12-06T09:26:12","guid":{"rendered":"http:\/\/conferinte.artes-teatru.ro\/?page_id=107"},"modified":"2018-12-06T09:26:26","modified_gmt":"2018-12-06T09:26:26","slug":"107-2","status":"publish","type":"page","link":"https:\/\/conferinte.artes-teatru.ro\/?page_id=107","title":{"rendered":"Edi\u021bia 2018"},"content":{"rendered":"<p><img loading=\"lazy\" decoding=\"async\" class=\"aligncenter size-large wp-image-103\" src=\"http:\/\/conferinte.artes-teatru.ro\/wp-content\/uploads\/2018\/12\/afis-Conferinta-724x1024.jpg\" alt=\"\" width=\"724\" height=\"1024\" srcset=\"https:\/\/conferinte.artes-teatru.ro\/wp-content\/uploads\/2018\/12\/afis-Conferinta-724x1024.jpg 724w, https:\/\/conferinte.artes-teatru.ro\/wp-content\/uploads\/2018\/12\/afis-Conferinta-212x300.jpg 212w, https:\/\/conferinte.artes-teatru.ro\/wp-content\/uploads\/2018\/12\/afis-Conferinta-768x1086.jpg 768w, https:\/\/conferinte.artes-teatru.ro\/wp-content\/uploads\/2018\/12\/afis-Conferinta-350x495.jpg 350w\" sizes=\"auto, (max-width: 724px) 100vw, 724px\" \/><\/p>\n<p>&nbsp;<\/p>\n<p>\u0218coala Doctoral\u0103 &#8211; Teatru a UNAGE Ia\u0219i \u0219i Centrul de Cercetare \u201eArta Teatrului \u2013 Studiu \u0219i Crea\u021bie\u201d al Facult\u0103\u021bii de Teatru organizeaz\u0103 \u00een data de <strong>30 noiembrie 2018<\/strong>, la Ia\u0219i, <strong><em>CONFERIN\u021aA INTERNA\u021aIONAL\u0102 <\/em><\/strong>&#8211; <strong>100 de ani de cercetare teatral\u0103 ie\u0219ean\u0103.<\/strong><\/p>\n<p>&nbsp;<\/p>\n<p><strong>Domenii de cercetare: istoria teatrului rom\u00e2nesc, istoria teatrului universal, literatur\u0103 comparat\u0103, jurnalism, studii europene, \u0219tiin\u021bele educa\u021biei, sociologie, \u0219tiin\u021be sociale, psihologie. <\/strong><\/p>\n<p>&nbsp;<\/p>\n<p><strong>Sec<\/strong><strong>\u021b<\/strong><strong>iuni: 1918 \u2013 2018 \u2013 imagini din lumea teatrului<\/strong><\/p>\n<p><strong>\u00a0\u00a0\u00a0\u00a0\u00a0\u00a0\u00a0\u00a0\u00a0\u00a0 \u00a0\u00a0\u00a0\u00a0\u00a0\u00a0Despre cercetarea teatral\u0103 \u2013 r\u0103d\u0103cini \u0219i perspective<\/strong><\/p>\n<p><strong>\u00a0\u00a0\u00a0\u00a0\u00a0\u00a0\u00a0\u00a0\u00a0\u00a0\u00a0\u00a0\u00a0\u00a0\u00a0\u00a0 Portretele c\u0103ut\u0103torilor <\/strong><\/p>\n<p><strong>\u00a0\u00a0\u00a0\u00a0\u00a0\u00a0\u00a0\u00a0\u00a0\u00a0\u00a0 \u00a0\u00a0\u00a0\u00a0\u00a0 Interferen\u021be<\/strong><\/p>\n<p>&nbsp;<\/p>\n<p><strong>\u00a0<\/strong><strong>Volumul\u00a0conferintei\u00a0va fi trimis pentru\u00a0indexare\u00a0ISI &#8211; Web of Science\u00a0\u0219i va fi inclus \u00een mai multe baze de date\u00a0interna\u021bionale\u00a0academice.\u00a0<\/strong><\/p>\n<p>Lucrarile\u00a0conferin\u021bei\u00a0vor fi redactate\u00a0<strong>\u00een limba rom\u00e2n\u0103 \u0219i \u00een limba englez\u0103, cu rezumat si\u00a05\u00a0cuvinte-cheie \u00een limba englez\u0103.<\/strong><\/p>\n<p><strong>\u00a0<\/strong><strong>Termenul-limit\u0103<\/strong>\u00a0pentru trimiterea\u00a0<strong>titlurilor \u0219i rezumatelor (\u00een rom\u00e2n\u0103 \u0219i englez\u0103)<\/strong>:\u00a0<strong>20\u00a0noiembrie a.c.<\/strong><\/p>\n<p><strong>\u00a0<\/strong><strong>Lucr\u0103rile vor fi trecute printr-un process de peer-review. Confirmarea accept\u0103rii:\u00a0<\/strong><strong>25 noiembrie<\/strong><\/p>\n<p><strong>\u00a0<\/strong><strong>Deadline pentru achitarea taxei de participare:\u00a0<\/strong><strong>30 noiembrie a.c. (taxele vor fi ulterior comunicate)<\/strong><\/p>\n<p><strong>\u00a0<\/strong><strong>Termenul limit\u0103\u00a0<\/strong>pentru trimiterea lucr\u0103rilor\u00a0<strong>in extenso:\u00a0<\/strong><strong>5\u00a0decembrie 2018<\/strong><\/p>\n<p>La\u00a0conferin\u021b\u0103\u00a0sunt invita\u021bi s\u0103 participe\u00a0doctoranzi, cadre didactice universitare, cercet\u0103tori, doctori \u00een domeniile men\u021bionate mai sus.<\/p>\n<p>V\u0103 trimit atasat\u00a0un\u00a0<strong>formular de inscriere<\/strong>, care trebuie sa fie completat cu datele dumneavoastra:\u00a0titlul, rezumatul si cele\u00a05\u00a0cuvinte-cheie \u00een limba engleza, datele personale (nume, prenume), gradul didactic, func\u021bia didactica, afilierea institu\u0163ional\u0103 si sec\u021biunea la care se \u00eencadreaz\u0103 comunicarea.<\/p>\n<p>Adresa de corespondenta este <a href=\"mailto:conferintainternationala100@yahoo.com\">conferintainternationala100@yahoo.com<\/a><\/p>\n<p>De asemenea, \u00een ata\u0219ament autorii vor g\u0103si normele de redactare care trebuie urmate \u00een privin\u021ba public\u0103rii articolului.<\/p>\n<p>V\u0103 mul\u021bumim pentru aten\u021bie \u0219i pentru timpul acordat!<\/p>\n<p>&nbsp;<\/p>\n<p><strong>Coordonatorii proiectului:<\/strong><\/p>\n<p>Prof. univ. dr. habil. Anca Doina Ciobotaru \u2013 Director al Departamentului Teatru<\/p>\n<p>Lect. univ. dr. habil. C\u0103lin Ciobotari<\/p>\n<p><strong>Echipa de lucru:<\/strong><\/p>\n<p>Conf. univ. dr. Raluca Bujoreanu \u2013 Decan al Facult\u0103\u021bii de Teatru<\/p>\n<p>Prof. univ. dr. Aurelian B\u0103l\u0103i\u021b\u0103 \u2013 Director al \u0218colii doctorale de Teatru<\/p>\n<p>Lect. univ. dr. Bogdan Anghel<\/p>\n<p>Lect. univ dr. Ioana Bujoreanu<\/p>\n<p>Lect. univ. dr. Ioana Petcu \u2013 P\u0103durean<\/p>\n<p>Lect. univ. dr. Cristina Todi<\/p>\n<p>Asist. univ. dr. Alexandra Cantemir<\/p>\n<p><strong>\u0218i doctoranzii:<\/strong><\/p>\n<p>Carmen Antochi, Cristi Avram, Alice Florentin \u2013 \u0218fai\u021ber, Dalia Rusu Piersic, Laura Terente<\/p>\n<p>Sectiunile Conferintei<\/p>\n","protected":false},"excerpt":{"rendered":"<p>&nbsp; \u0218coala Doctoral\u0103 &#8211; Teatru a UNAGE Ia\u0219i \u0219i Centrul de Cercetare \u201eArta Teatrului \u2013 Studiu \u0219i Crea\u021bie\u201d al Facult\u0103\u021bii de Teatru organizeaz\u0103 \u00een data de 30 noiembrie 2018, la Ia\u0219i, CONFERIN\u021aA INTERNA\u021aIONAL\u0102 &#8211; 100 de ani de cercetare teatral\u0103 ie\u0219ean\u0103. &nbsp; Domenii de cercetare: istoria teatrului rom\u00e2nesc, istoria teatrului universal, literatur\u0103 comparat\u0103, jurnalism, studii europene, \u0219tiin\u021bele educa\u021biei, sociologie, \u0219tiin\u021be [&hellip;]<\/p>\n","protected":false},"author":3,"featured_media":0,"parent":0,"menu_order":0,"comment_status":"closed","ping_status":"closed","template":"","meta":{"footnotes":""},"class_list":["post-107","page","type-page","status-publish","hentry"],"_links":{"self":[{"href":"https:\/\/conferinte.artes-teatru.ro\/index.php?rest_route=\/wp\/v2\/pages\/107","targetHints":{"allow":["GET"]}}],"collection":[{"href":"https:\/\/conferinte.artes-teatru.ro\/index.php?rest_route=\/wp\/v2\/pages"}],"about":[{"href":"https:\/\/conferinte.artes-teatru.ro\/index.php?rest_route=\/wp\/v2\/types\/page"}],"author":[{"embeddable":true,"href":"https:\/\/conferinte.artes-teatru.ro\/index.php?rest_route=\/wp\/v2\/users\/3"}],"replies":[{"embeddable":true,"href":"https:\/\/conferinte.artes-teatru.ro\/index.php?rest_route=%2Fwp%2Fv2%2Fcomments&post=107"}],"version-history":[{"count":2,"href":"https:\/\/conferinte.artes-teatru.ro\/index.php?rest_route=\/wp\/v2\/pages\/107\/revisions"}],"predecessor-version":[{"id":109,"href":"https:\/\/conferinte.artes-teatru.ro\/index.php?rest_route=\/wp\/v2\/pages\/107\/revisions\/109"}],"wp:attachment":[{"href":"https:\/\/conferinte.artes-teatru.ro\/index.php?rest_route=%2Fwp%2Fv2%2Fmedia&parent=107"}],"curies":[{"name":"wp","href":"https:\/\/api.w.org\/{rel}","templated":true}]}}