{"id":113,"date":"2018-12-06T09:30:51","date_gmt":"2018-12-06T09:30:51","guid":{"rendered":"http:\/\/conferinte.artes-teatru.ro\/?page_id=113"},"modified":"2018-12-06T09:35:38","modified_gmt":"2018-12-06T09:35:38","slug":"sectiunile-conferintei","status":"publish","type":"page","link":"https:\/\/conferinte.artes-teatru.ro\/?page_id=113","title":{"rendered":"Sec\u021biunile conferin\u021bei"},"content":{"rendered":"<p style=\"text-align: center;\"><strong>I. Sec\u021biunea<\/strong><br \/>\n<strong>1918 \u2013 2018 IMAGINI DIN LUMEA TEATRULUI<\/strong><\/p>\n<p>&nbsp;<\/p>\n<p><strong>prof. univ. dr. habil ANCA DOINA CIOBOTARU &#8211; <\/strong>Mo\u0219tenirea Mentorilor<\/p>\n<p><strong>doctorand VASILE IONESCU &#8211; <\/strong>\u021aiganul, ca om interimar, marionet\u0103 \u0219i supramarionet\u0103 (\u0218oc cultural \u0219i recurs la teoria jocului (manipul\u0103rii \u0219i intermedierii))<\/p>\n<p><strong>lect. univ. dr. OANA SANDU<\/strong> &#8211; Chiri\u021ba \u00een provincie- Radiografia unui secol<\/p>\n<p><strong>colaborator C\u0102LIN CHIRIL\u0102<\/strong> &#8211; De la document, la fic\u0163iune<\/p>\n<p>&nbsp;<\/p>\n<p style=\"text-align: center;\"><strong>II. Sec\u021biunea<\/strong><br \/>\n<strong>PORTRETELE C\u0102UT\u0102TORILOR<\/strong><\/p>\n<p>&nbsp;<\/p>\n<p><strong>prof. univ.dr. ANCA-MARIA RUSU<\/strong> &#8211; Cercetarea doctoral\u0103 la Ia\u015fi. Improviza\u0163ia \u2013 studiu de caz<\/p>\n<p><strong>prof. univ. dr. habil. AURELIAN B\u0102L\u0102I\u021a\u0102<\/strong> &#8211; Matei Vi\u0219niec, Doctor Honoris Causa al U.N.A.G.E Ia\u0219i<\/p>\n<p><strong>doctorand LAURA TERENTE<\/strong> &#8211; Modernitatea unui curs de art\u0103 dramatic\u0103 la \u00eenceput de secol XX<\/p>\n<p><strong>doctorand DALIA-SIMONA RUSU-PIERSIC<\/strong> &#8211; Biblioteca U.N.A.G.E. \u2013 Instrument de cercetare \u00een evolu\u021bia unui t\u00e2n\u0103r artist<\/p>\n<p><strong>doctorand CRISTINA R\u0102DULESCU<\/strong> &#8211; Ideologie vs. reteatralizare. Teatrul Na\u0163ional \u201eVasile Alecsandri\u201d Ia\u015fi. Documentar 1947-1971<\/p>\n<p><strong>doctorand ALINA DINC\u0102-PU\u0218CA\u0218U<\/strong> &#8211; R\u0103d\u0103cini din secolul XIX ale scenografiei ie\u0219ene, care au marcat arta spectacolului \u00een Teatrul din Ia\u0219i<\/p>\n<p><strong>lect. univ. dr. LAURA BILIC<\/strong> &#8211; Dramaturgia \u2013 oglind\u0103 a societ\u0103\u021bii<\/p>\n<p><strong>doctorand CRISTI AVRAM<\/strong> &#8211; \u0218tefan Oprea \u2013 profilul unui cercet\u0103tor autentic<\/p>\n<p>&nbsp;<\/p>\n<p>&nbsp;<\/p>\n<p style=\"text-align: center;\"><strong>III. Sec\u021biunea<\/strong><br \/>\n<strong>DESPRE CERCETAREA TEATRAL\u0102.R\u0102D\u0102CINI \u0218I PERSPECTIVE<\/strong><\/p>\n<p>&nbsp;<\/p>\n<p><strong>lect. univ. dr habil. C\u0102LIN CIOBOTARI<\/strong> &#8211; Cercetare teatral\u0103, \u00eentre a fi \u0219i a nu fi\u2026<\/p>\n<p><strong>prof. dr. EUGENIA PA\u015eCA<\/strong> &#8211; De la text dramatic la oper\u0103<\/p>\n<p><strong>conf. univ. dr. RALUCA BUJOREANU-HU\u021aANU<\/strong> &#8211; Aspecte definitorii \u00een formarea personalit\u0103\u021bii artistice a actorului teatrului de anima\u021bie<\/p>\n<p><strong>prof. univ. dr. ION MIRCIOAG\u0102<\/strong> &#8211; O ipotez\u0103 de spectacol: \u201eLut\u201d \u2013 ac\u0163iunea de a povesti<\/p>\n<p><strong>lect.univ.dr. DUMITRIANA CONDURACHE<\/strong> &#8211; Noi paradigme. Atomizarea granitelor dintre arte<\/p>\n<p><strong>doctorand CARMEN ANTOHI<\/strong> &#8211; Editura Artes \u2013 Promotor al cercet\u0103rii academice<\/p>\n<p><strong>lector univ.dr. BOGDAN-MIHAI ANGHEL, doctorand ADRIANA BUJOR<\/strong> &#8211; Teatrul \u0219i Industriile Creative<\/p>\n<p><strong>doctorand IVONA LUCAN<\/strong> &#8211; Introducere \u00een noul val de independen\u021b\u0103 teatral\u0103 din Rom\u00e2nia<\/p>\n<p><strong>doctorand RAMONA IACOBU\u021aE<\/strong> &#8211; Independent acum. Noi practici teatrale \u00een Rom\u00e2nia secolului XXI<\/p>\n<p><strong>doctorand LENU\u0218 RADU<\/strong> &#8211; Cercetare \u0219i pedagogie teatral\u0103 \u00een mediul preuniversitar<\/p>\n<p>&nbsp;<\/p>\n<p>&nbsp;<\/p>\n<p style=\"text-align: center;\"><strong>IV. Sec\u021biunea<\/strong><br \/>\n<strong>INTERFEREN\u021aE<\/strong><\/p>\n<p>&nbsp;<\/p>\n<p><strong>dr. cercet\u0103tor \u0219tiin\u021bific (gradul III) LIVIU PETCU<\/strong> &#8211; P\u0103rin\u021bii Patericului \/\u03a7\u03ac\u03c1\u03b9\u03c3\u03bc\u03b1 \u03c4\u03bf\u03c5 \u03bb\u03cc\u03b3\u03bf\u03c5<\/p>\n<p><strong>lect. univ. dr. MIHAI FUSU<\/strong> &#8211; Continuitate \u0219i identitate. Despre Sistemul Stanislavski \u0219i Method Acting \u00een America<\/p>\n<p><strong>lect. univ. dr. IOANA PETCU<\/strong> &#8211; Cercet\u0103tori ie\u0219eni, gravit\u00e2nd \u00een jurul lui Shakespeare<\/p>\n<p><strong>lect. univ. dr CRISTINA TODI<\/strong> &#8211; Despre cercetarea teatral\u0103 \u2013 r\u0103d\u0103cini \u0219i perspective<\/p>\n<p><strong>lect. univ. dr EMANUEL FLORENTIN<\/strong> &#8211; Mimul: limite \u0219i libert\u0103\u021bi<\/p>\n<p><strong>colaborator TAMARA CONSTANTINESCU<\/strong> &#8211; Fantastic \u1e63i oniric ionescian<\/p>\n<p><strong>lect. univ. dr. VASILICA B\u0102L\u0102I\u021a\u0102<\/strong> &#8211; \u0218coala ca laborator<\/p>\n<p><strong>asist. univ. dr. IULIANA MORARU<\/strong> &#8211; Orient\u0103ri psihopedagogice \u00een procesul de formare a studentului \u2013 actor<\/p>\n<p><strong>lect. univ. dr COSMIN-MIHAI IA\u021aE\u0218EN<\/strong> &#8211; Stiluri, tehnici \u0219i interpret\u0103ri \u00een crearea p\u0103pu\u015filor Bunraku<\/p>\n<p><strong>doctorand FLORIN CARACALA<\/strong> &#8211; Teatralitatea \u00een \u00eenceputul erei postumanului<\/p>\n<p><strong>doctorand ALICE-IOANA FLORENTIN<\/strong> &#8211; Metode de lucru combinate \u00een predarea mi\u0219c\u0103rii scenice<\/p>\n<p><strong>doctorand ALEXANDRA BANDAC<\/strong> &#8211; Interferen\u021be \u0219i conexiuni \u00eentre teatrul \u0219i proza lui Samuel Beckett \u2013 c\u00e2teva ipostaze ale cercet\u0103rii<\/p>\n<p><strong>doctorand BIATRICE COZMOLICI<\/strong> &#8211; \u0218ase axiome ale teatrului ambiental \u2013 idee, spa\u021biu \u0219i form\u0103 \u00een teatrul de anima\u021bie performativ<\/p>\n<p><strong>prof. univ. dr. CIPRIAN HU\u021aANU<\/strong> &#8211; Despre rolul novator al obiectului animat \u00een scena de teatru dramatic<\/p>\n<p><strong>conf. univ. dr. DORU ZAHARIA<\/strong> &#8211; Beneficiile existen\u0163ei re\u0163elelor culturale tematice europene<\/p>\n<p><strong>conf. univ. dr. IRINA SCUTARIU<\/strong> &#8211; Expresivitatea vorbirii actorului pe \u0219i \u00eenafara scenei<\/p>\n<p><strong>prof. univ dr. habil. ALEXANDRU BOUREANU<\/strong> &#8211; ABC actorice\u0219ti exploratorii prin Haiku<\/p>\n<p><strong>Conf. univ. dr. GELU BADEA<\/strong> &#8211; Despre pedagogie: teatrul genera\u021bional<\/p>\n<p><strong>lect. univ. dr. LIA CON\u021aIU<\/strong> &#8211; Aspecte teologice \u0219i filozofice ale nebunului \u00een Anglia<\/p>\n<p><strong>lect. univ. dr. DORU AFTANASIU<\/strong> &#8211; Personajele shakespeariene<\/p>\n<p><strong>lect. univ. dr. ANCA CIOFU<\/strong> &#8211; Corpul actorului folosit ca spa\u021biu de joc pentru obiectul animat (prin prisma concep\u021biilor artistice ale lui Nicolas Gousseff)<\/p>\n<p><strong>lect. univ. dr. ANTONELA CORNICI<\/strong> &#8211; Monologul \u00een textul dramatic \u0219i \u00een spectacol<\/p>\n<p><strong>lect. univ. dr. IOANA BUJOREANU<\/strong> &#8211; Cenzura \u00een teatre. Analiza sistemului<\/p>\n","protected":false},"excerpt":{"rendered":"<p>I. Sec\u021biunea 1918 \u2013 2018 IMAGINI DIN LUMEA TEATRULUI &nbsp; prof. univ. dr. habil ANCA DOINA CIOBOTARU &#8211; Mo\u0219tenirea Mentorilor doctorand VASILE IONESCU &#8211; \u021aiganul, ca om interimar, marionet\u0103 \u0219i supramarionet\u0103 (\u0218oc cultural \u0219i recurs la teoria jocului (manipul\u0103rii \u0219i intermedierii)) lect. univ. dr. OANA SANDU &#8211; Chiri\u021ba \u00een provincie- Radiografia unui secol colaborator C\u0102LIN CHIRIL\u0102 &#8211; De la document, [&hellip;]<\/p>\n","protected":false},"author":3,"featured_media":0,"parent":107,"menu_order":0,"comment_status":"closed","ping_status":"closed","template":"","meta":{"footnotes":""},"class_list":["post-113","page","type-page","status-publish","hentry"],"_links":{"self":[{"href":"https:\/\/conferinte.artes-teatru.ro\/index.php?rest_route=\/wp\/v2\/pages\/113","targetHints":{"allow":["GET"]}}],"collection":[{"href":"https:\/\/conferinte.artes-teatru.ro\/index.php?rest_route=\/wp\/v2\/pages"}],"about":[{"href":"https:\/\/conferinte.artes-teatru.ro\/index.php?rest_route=\/wp\/v2\/types\/page"}],"author":[{"embeddable":true,"href":"https:\/\/conferinte.artes-teatru.ro\/index.php?rest_route=\/wp\/v2\/users\/3"}],"replies":[{"embeddable":true,"href":"https:\/\/conferinte.artes-teatru.ro\/index.php?rest_route=%2Fwp%2Fv2%2Fcomments&post=113"}],"version-history":[{"count":4,"href":"https:\/\/conferinte.artes-teatru.ro\/index.php?rest_route=\/wp\/v2\/pages\/113\/revisions"}],"predecessor-version":[{"id":118,"href":"https:\/\/conferinte.artes-teatru.ro\/index.php?rest_route=\/wp\/v2\/pages\/113\/revisions\/118"}],"up":[{"embeddable":true,"href":"https:\/\/conferinte.artes-teatru.ro\/index.php?rest_route=\/wp\/v2\/pages\/107"}],"wp:attachment":[{"href":"https:\/\/conferinte.artes-teatru.ro\/index.php?rest_route=%2Fwp%2Fv2%2Fmedia&parent=113"}],"curies":[{"name":"wp","href":"https:\/\/api.w.org\/{rel}","templated":true}]}}