{"id":124,"date":"2018-12-06T09:40:00","date_gmt":"2018-12-06T09:40:00","guid":{"rendered":"http:\/\/conferinte.artes-teatru.ro\/?page_id=124"},"modified":"2018-12-06T09:43:41","modified_gmt":"2018-12-06T09:43:41","slug":"editia-2015","status":"publish","type":"page","link":"https:\/\/conferinte.artes-teatru.ro\/?page_id=124","title":{"rendered":"Edi\u021bia 2015"},"content":{"rendered":"<p><img loading=\"lazy\" decoding=\"async\" class=\"aligncenter size-large wp-image-127\" src=\"http:\/\/conferinte.artes-teatru.ro\/wp-content\/uploads\/2018\/12\/afis-simpozion-2015-768x1024.jpg\" alt=\"\" width=\"768\" height=\"1024\" srcset=\"https:\/\/conferinte.artes-teatru.ro\/wp-content\/uploads\/2018\/12\/afis-simpozion-2015-768x1024.jpg 768w, https:\/\/conferinte.artes-teatru.ro\/wp-content\/uploads\/2018\/12\/afis-simpozion-2015-225x300.jpg 225w, https:\/\/conferinte.artes-teatru.ro\/wp-content\/uploads\/2018\/12\/afis-simpozion-2015-350x467.jpg 350w, https:\/\/conferinte.artes-teatru.ro\/wp-content\/uploads\/2018\/12\/afis-simpozion-2015.jpg 1920w\" sizes=\"auto, (max-width: 768px) 100vw, 768px\" \/><\/p>\n<p>&nbsp;<\/p>\n<p>&nbsp;<\/p>\n<p>&nbsp;<\/p>\n<p>Universitatea de Arte \u201eGeorge Enescu\u201d Ia\u0219i, Centrul de Cercetare\u00a0\u00a0\u00a0\u00a0\u00a0\u00a0\u00a0\u00a0\u00a0\u00a0 \u201eArta Teatrului Studiu \u0219i Crea\u021bie\u201d \u2013 Facultatea de Teatru, v\u0103 invit\u0103 s\u0103 participa\u021bi la <em>Simpozionul Na<\/em><em>\u021bional<\/em>: <strong>Cercetarea Teatral\u0103 \u2013 limite \u0219i provoc\u0103ri<\/strong>. Evenimentul va avea loc \u00een perioada 27 \u2013 28 februarie 2015, la sediul Facult\u0103\u021bii de Teatru, Ia\u0219i, str. Horia 7 \u2013 9.<\/p>\n<p>A\u0219tept\u0103m r\u0103spunsul dumneavoastr\u0103\u00a0 de confirmare a particip\u0103rii \u0219i rezumatul comunic\u0103rii (\u00een limba rom\u00e2n\u0103 \u0219i englez\u0103) la adresa electronic\u0103: <a href=\"mailto:ciobotaru_anca@yahoo.com\">ciobotaru_anca@yahoo.com<\/a>, p\u00e2n\u0103 la data de <strong>10 februarie 2015<\/strong>.<\/p>\n<p>Persoana de contact: Anca Doina Ciobotaru; tel: 0751164459.<\/p>\n<p>Textele sus\u021binute \u00een cadrul Simpozionului vor fi publicate \u00eentr-un volum.<\/p>\n<p>Taxa de partipare de 50 ron\/lei se va achita \u00een contul<\/p>\n<p>RO44TREZ40620F330500XXXX\u00a0 &#8211; \u00a0 TREZORERIA IASI.<\/p>\n<p>Cheltuielile de transport \u0219i cazare vor fi suportate de c\u0103tre fiecare participant.<\/p>\n<p>&nbsp;<\/p>\n<p>V\u0103 a\u0219tept\u0103m!<\/p>\n","protected":false},"excerpt":{"rendered":"<p>&nbsp; &nbsp; &nbsp; Universitatea de Arte \u201eGeorge Enescu\u201d Ia\u0219i, Centrul de Cercetare\u00a0\u00a0\u00a0\u00a0\u00a0\u00a0\u00a0\u00a0\u00a0\u00a0 \u201eArta Teatrului Studiu \u0219i Crea\u021bie\u201d \u2013 Facultatea de Teatru, v\u0103 invit\u0103 s\u0103 participa\u021bi la Simpozionul Na\u021bional: Cercetarea Teatral\u0103 \u2013 limite \u0219i provoc\u0103ri. Evenimentul va avea loc \u00een perioada 27 \u2013 28 februarie 2015, la sediul Facult\u0103\u021bii de Teatru, Ia\u0219i, str. Horia 7 \u2013 9. A\u0219tept\u0103m r\u0103spunsul dumneavoastr\u0103\u00a0 de [&hellip;]<\/p>\n","protected":false},"author":3,"featured_media":0,"parent":0,"menu_order":0,"comment_status":"closed","ping_status":"closed","template":"","meta":{"footnotes":""},"class_list":["post-124","page","type-page","status-publish","hentry"],"_links":{"self":[{"href":"https:\/\/conferinte.artes-teatru.ro\/index.php?rest_route=\/wp\/v2\/pages\/124","targetHints":{"allow":["GET"]}}],"collection":[{"href":"https:\/\/conferinte.artes-teatru.ro\/index.php?rest_route=\/wp\/v2\/pages"}],"about":[{"href":"https:\/\/conferinte.artes-teatru.ro\/index.php?rest_route=\/wp\/v2\/types\/page"}],"author":[{"embeddable":true,"href":"https:\/\/conferinte.artes-teatru.ro\/index.php?rest_route=\/wp\/v2\/users\/3"}],"replies":[{"embeddable":true,"href":"https:\/\/conferinte.artes-teatru.ro\/index.php?rest_route=%2Fwp%2Fv2%2Fcomments&post=124"}],"version-history":[{"count":4,"href":"https:\/\/conferinte.artes-teatru.ro\/index.php?rest_route=\/wp\/v2\/pages\/124\/revisions"}],"predecessor-version":[{"id":141,"href":"https:\/\/conferinte.artes-teatru.ro\/index.php?rest_route=\/wp\/v2\/pages\/124\/revisions\/141"}],"wp:attachment":[{"href":"https:\/\/conferinte.artes-teatru.ro\/index.php?rest_route=%2Fwp%2Fv2%2Fmedia&parent=124"}],"curies":[{"name":"wp","href":"https:\/\/api.w.org\/{rel}","templated":true}]}}