{"id":125,"date":"2018-12-06T09:41:04","date_gmt":"2018-12-06T09:41:04","guid":{"rendered":"http:\/\/conferinte.artes-teatru.ro\/?page_id=125"},"modified":"2018-12-06T09:44:54","modified_gmt":"2018-12-06T09:44:54","slug":"editia-2016","status":"publish","type":"page","link":"https:\/\/conferinte.artes-teatru.ro\/?page_id=125","title":{"rendered":"Edi\u021bia 2016"},"content":{"rendered":"<p><img loading=\"lazy\" decoding=\"async\" class=\"aligncenter size-large wp-image-131\" src=\"http:\/\/conferinte.artes-teatru.ro\/wp-content\/uploads\/2018\/12\/afis-final-Simpozion-2016-768x1024.jpg\" alt=\"\" width=\"768\" height=\"1024\" srcset=\"https:\/\/conferinte.artes-teatru.ro\/wp-content\/uploads\/2018\/12\/afis-final-Simpozion-2016-768x1024.jpg 768w, https:\/\/conferinte.artes-teatru.ro\/wp-content\/uploads\/2018\/12\/afis-final-Simpozion-2016-225x300.jpg 225w, https:\/\/conferinte.artes-teatru.ro\/wp-content\/uploads\/2018\/12\/afis-final-Simpozion-2016-350x467.jpg 350w, https:\/\/conferinte.artes-teatru.ro\/wp-content\/uploads\/2018\/12\/afis-final-Simpozion-2016.jpg 1650w\" sizes=\"auto, (max-width: 768px) 100vw, 768px\" \/><\/p>\n<p>&nbsp;<\/p>\n<p>&nbsp;<\/p>\n<p>Universitatea de Arte \u201eGeorge Enescu\u201d Ia\u0219i, Centrul de Cercetare \u201eArta Teatrului Studiu \u0219i Crea\u021bie\u201d \u2013 Facultatea de Teatru, v\u0103 invit\u0103 s\u0103 participa\u021bi la Simpozionul Na\u021bional <em>Poetici teatrale contemporane <\/em><em>\u2013 teoretizare universitar\u0103 \u0219i reprezentare scenic\u0103<\/em>. Evenimentul va avea loc \u00een perioada <strong>16 -17 aprilie 2016<\/strong>, la sediul Facult\u0103\u021bii de Teatru, Ia\u0219i, str. Costache Negruzzi 7 \u2013 9.<\/p>\n<p>A\u0219tept\u0103m r\u0103spunsul dumneavoastr\u0103\u00a0 de <strong>confirmare a particip\u0103rii \u0219i rezumatul comunic\u0103rii<\/strong> (\u00een limba rom\u00e2n\u0103 \u0219i englez\u0103) la adresa electronic\u0103: <strong><u><a href=\"mailto:simpozionteatru2016@yahoo.com\">simpozionteatru2016@yahoo.com<\/a><\/u><\/strong>, p\u00e2n\u0103 la data de <strong>21 martie 2016<\/strong>.<\/p>\n<p>Persoana de contact: Anca Doina Ciobotaru; tel: 0751164459.<\/p>\n<p>&nbsp;<\/p>\n<p>V\u0103 a\u0219tept\u0103m!<\/p>\n","protected":false},"excerpt":{"rendered":"<p>&nbsp; &nbsp; Universitatea de Arte \u201eGeorge Enescu\u201d Ia\u0219i, Centrul de Cercetare \u201eArta Teatrului Studiu \u0219i Crea\u021bie\u201d \u2013 Facultatea de Teatru, v\u0103 invit\u0103 s\u0103 participa\u021bi la Simpozionul Na\u021bional Poetici teatrale contemporane \u2013 teoretizare universitar\u0103 \u0219i reprezentare scenic\u0103. Evenimentul va avea loc \u00een perioada 16 -17 aprilie 2016, la sediul Facult\u0103\u021bii de Teatru, Ia\u0219i, str. Costache Negruzzi 7 \u2013 9. A\u0219tept\u0103m r\u0103spunsul [&hellip;]<\/p>\n","protected":false},"author":3,"featured_media":0,"parent":0,"menu_order":0,"comment_status":"closed","ping_status":"closed","template":"","meta":{"footnotes":""},"class_list":["post-125","page","type-page","status-publish","hentry"],"_links":{"self":[{"href":"https:\/\/conferinte.artes-teatru.ro\/index.php?rest_route=\/wp\/v2\/pages\/125","targetHints":{"allow":["GET"]}}],"collection":[{"href":"https:\/\/conferinte.artes-teatru.ro\/index.php?rest_route=\/wp\/v2\/pages"}],"about":[{"href":"https:\/\/conferinte.artes-teatru.ro\/index.php?rest_route=\/wp\/v2\/types\/page"}],"author":[{"embeddable":true,"href":"https:\/\/conferinte.artes-teatru.ro\/index.php?rest_route=\/wp\/v2\/users\/3"}],"replies":[{"embeddable":true,"href":"https:\/\/conferinte.artes-teatru.ro\/index.php?rest_route=%2Fwp%2Fv2%2Fcomments&post=125"}],"version-history":[{"count":3,"href":"https:\/\/conferinte.artes-teatru.ro\/index.php?rest_route=\/wp\/v2\/pages\/125\/revisions"}],"predecessor-version":[{"id":143,"href":"https:\/\/conferinte.artes-teatru.ro\/index.php?rest_route=\/wp\/v2\/pages\/125\/revisions\/143"}],"wp:attachment":[{"href":"https:\/\/conferinte.artes-teatru.ro\/index.php?rest_route=%2Fwp%2Fv2%2Fmedia&parent=125"}],"curies":[{"name":"wp","href":"https:\/\/api.w.org\/{rel}","templated":true}]}}