{"id":126,"date":"2018-12-06T09:41:12","date_gmt":"2018-12-06T09:41:12","guid":{"rendered":"http:\/\/conferinte.artes-teatru.ro\/?page_id=126"},"modified":"2018-12-06T09:45:35","modified_gmt":"2018-12-06T09:45:35","slug":"editia-2017","status":"publish","type":"page","link":"https:\/\/conferinte.artes-teatru.ro\/?page_id=126","title":{"rendered":"Edi\u021bia 2017"},"content":{"rendered":"<p><img loading=\"lazy\" decoding=\"async\" class=\"aligncenter size-large wp-image-132\" src=\"http:\/\/conferinte.artes-teatru.ro\/wp-content\/uploads\/2018\/12\/afis-final-Simpozion-2017-791x1024.jpg\" alt=\"\" width=\"791\" height=\"1024\" srcset=\"https:\/\/conferinte.artes-teatru.ro\/wp-content\/uploads\/2018\/12\/afis-final-Simpozion-2017-791x1024.jpg 791w, https:\/\/conferinte.artes-teatru.ro\/wp-content\/uploads\/2018\/12\/afis-final-Simpozion-2017-232x300.jpg 232w, https:\/\/conferinte.artes-teatru.ro\/wp-content\/uploads\/2018\/12\/afis-final-Simpozion-2017-768x994.jpg 768w, https:\/\/conferinte.artes-teatru.ro\/wp-content\/uploads\/2018\/12\/afis-final-Simpozion-2017-350x453.jpg 350w, https:\/\/conferinte.artes-teatru.ro\/wp-content\/uploads\/2018\/12\/afis-final-Simpozion-2017.jpg 1870w\" sizes=\"auto, (max-width: 791px) 100vw, 791px\" \/><\/p>\n<p>&nbsp;<\/p>\n<p>&nbsp;<\/p>\n<p>Universitatea de Arte \u201eGeorge Enescu\u201d Ia\u0219i, Centrul de Cercetare \u201eArta Teatrului Studiu \u0219i Crea\u021bie\u201d \u2013 Facultatea de Teatru, v\u0103 invit\u0103 s\u0103 participa\u021bi la <em>Simpozionul Na\u021bional<\/em> &#8220;Corporalitate, realitate, metafor\u0103 \u00een teatrul contemporan&#8221;. Evenimentul va avea loc \u00een perioada <strong>28 -29 aprilie 2017<\/strong>, la sediul Facult\u0103\u021bii de Teatru, Ia\u0219i, str. Costache Negruzzi 7 \u2013 9.<\/p>\n<p>A\u0219tept\u0103m r\u0103spunsul dumneavoastr\u0103\u00a0 de <strong>confirmare a particip\u0103rii \u0219i rezumatul comunic\u0103rii<\/strong> (\u00een limba rom\u00e2n\u0103 \u0219i englez\u0103) la adresa electronic\u0103: <strong><a href=\"mailto:simpozionteatru2016@yahoo.com\">simpozionteatru2016@yahoo.com<\/a><\/strong>, p\u00e2n\u0103 la data de <strong>30 martie 2016<\/strong>.<\/p>\n<p>Persoana de contact: Anca Doina Ciobotaru; tel: 0751164459.<\/p>\n<p>Textele comunic\u0103rilor sus\u021binute \u00een cadrul Simpozionului vor fi publicate \u00eentr-un volum. Normele de redactare sunt trecute \u00een documentul ata\u0219at.<\/p>\n<p>Taxa de partipare de 70 ron\/lei se va achita \u00een contul :<\/p>\n<p>RO44TREZ40620F330500XXXX\u00a0 &#8211; \u00a0 TREZORERIA IASI.<\/p>\n<p>Cheltuielile de transport \u0219i cazare vor fi suportate de c\u0103tre fiecare participant.<\/p>\n<p>&nbsp;<\/p>\n<p>V\u0103 a\u0219tept\u0103m!<\/p>\n","protected":false},"excerpt":{"rendered":"<p>&nbsp; &nbsp; Universitatea de Arte \u201eGeorge Enescu\u201d Ia\u0219i, Centrul de Cercetare \u201eArta Teatrului Studiu \u0219i Crea\u021bie\u201d \u2013 Facultatea de Teatru, v\u0103 invit\u0103 s\u0103 participa\u021bi la Simpozionul Na\u021bional &#8220;Corporalitate, realitate, metafor\u0103 \u00een teatrul contemporan&#8221;. Evenimentul va avea loc \u00een perioada 28 -29 aprilie 2017, la sediul Facult\u0103\u021bii de Teatru, Ia\u0219i, str. Costache Negruzzi 7 \u2013 9. A\u0219tept\u0103m r\u0103spunsul dumneavoastr\u0103\u00a0 de confirmare [&hellip;]<\/p>\n","protected":false},"author":3,"featured_media":0,"parent":0,"menu_order":0,"comment_status":"closed","ping_status":"closed","template":"","meta":{"footnotes":""},"class_list":["post-126","page","type-page","status-publish","hentry"],"_links":{"self":[{"href":"https:\/\/conferinte.artes-teatru.ro\/index.php?rest_route=\/wp\/v2\/pages\/126","targetHints":{"allow":["GET"]}}],"collection":[{"href":"https:\/\/conferinte.artes-teatru.ro\/index.php?rest_route=\/wp\/v2\/pages"}],"about":[{"href":"https:\/\/conferinte.artes-teatru.ro\/index.php?rest_route=\/wp\/v2\/types\/page"}],"author":[{"embeddable":true,"href":"https:\/\/conferinte.artes-teatru.ro\/index.php?rest_route=\/wp\/v2\/users\/3"}],"replies":[{"embeddable":true,"href":"https:\/\/conferinte.artes-teatru.ro\/index.php?rest_route=%2Fwp%2Fv2%2Fcomments&post=126"}],"version-history":[{"count":2,"href":"https:\/\/conferinte.artes-teatru.ro\/index.php?rest_route=\/wp\/v2\/pages\/126\/revisions"}],"predecessor-version":[{"id":144,"href":"https:\/\/conferinte.artes-teatru.ro\/index.php?rest_route=\/wp\/v2\/pages\/126\/revisions\/144"}],"wp:attachment":[{"href":"https:\/\/conferinte.artes-teatru.ro\/index.php?rest_route=%2Fwp%2Fv2%2Fmedia&parent=126"}],"curies":[{"name":"wp","href":"https:\/\/api.w.org\/{rel}","templated":true}]}}