{"id":2,"date":"2018-11-12T05:16:28","date_gmt":"2018-11-12T05:16:28","guid":{"rendered":"http:\/\/conferinte.artes-teatru.ro\/?page_id=2"},"modified":"2021-12-02T15:46:52","modified_gmt":"2021-12-02T15:46:52","slug":"sample-page","status":"publish","type":"page","link":"https:\/\/conferinte.artes-teatru.ro\/?page_id=2","title":{"rendered":"Organizatori"},"content":{"rendered":"<div style=\"text-align: center;\">\n<p class=\"yiv5201165757MsoNormal\" align=\"center\"><b><span lang=\"RO\">Comitetul \u0219tiin\u021bific<\/span><\/b><\/p>\n<p class=\"yiv5201165757MsoNormal\" align=\"center\"><b><span lang=\"RO\">\u00a0<\/span><\/b><\/p>\n<p class=\"yiv5201165757MsoNormal\" align=\"center\"><span lang=\"RO\">IRINA NICULESCU \u2013 <\/span><span lang=\"RO\">Vicepre\u0219edinte UNIMA, SUA<\/span><\/p>\n<p class=\"yiv5201165757MsoNormal\" align=\"center\"><span lang=\"FR\">FRAN\u00c7OISE FLABAT \u2013 <\/span><span lang=\"FR\">Centre de la Marionnette de la F\u00e9d\u00e9ration Wallonie-Bruxelles, professeur au Beaux Arts Tournai<\/span><\/p>\n<p class=\"yiv5201165757MsoNormal\" align=\"center\"><span lang=\"RO\">CS gr. I dr. GABRIELA HAJA \u2013 <\/span><span lang=\"RO\">Institutul de Filologie Rom\u00e2n\u0103 \u201eA. Philippide\u201d, Academia Rom\u00e2n\u0103 Ia\u0219i<\/span><\/p>\n<p class=\"yiv5201165757MsoNormal\" align=\"center\"><span lang=\"RO\">Conf.univ.dr. RADU APOSTOL \u2013 <\/span><span lang=\"RO\">Universitatea Na\u021bional\u0103 de Art\u0103 Teatral\u0103 \u0219i Cinematografic\u0103 \u201eI. L. Caragiale\u201d, Bucure\u0219ti<\/span><\/p>\n<p class=\"yiv5201165757MsoNormal\" align=\"center\"><span lang=\"RO\">Conf.univ.dr. habil. DIANA COZMA \u2013 <\/span><span lang=\"RO\">Facutatea de Teatru \u0219i Film, Universitatea Babe\u015f-Bolyai, Cluj-Napoca<\/span><\/p>\n<p class=\"yiv5201165757MsoNormal\" align=\"center\"><span lang=\"RO\">Conf.univ.dr. DRAGO\u0218 VARGA \u2013 <\/span><span lang=\"RO\">Facultatea de Litere \u0219i Arte, Universitatea \u201eLucian Blaga\u201d din Sibiu<\/span><\/p>\n<p class=\"yiv5201165757MsoNormal\" align=\"center\"><span lang=\"RO\">Conf.univ.dr. IRINA IONESCU \u2013 <\/span><span lang=\"RO\">Departamentul de Teatru \u0219i Arte vizuale, Universitatea de Arte din T\u00e2rgu Mure\u0219<\/span><\/p>\n<p class=\"yiv5201165757MsoNormal\" align=\"center\"><span lang=\"RO\">Lect.univ.dr. DANA MONAH \u2013 <\/span><span lang=\"RO\">Facultatea de Litere, Universitatea \u201eAl. I. Cuza\u201d, Ia\u0219i<\/span><\/p>\n<p class=\"yiv5201165757MsoNormal\" align=\"center\"><span lang=\"RO\">Dr. ELENA BELCIU &#8211; <\/span><span lang=\"RO\">Coordonator programe CINETic, UNATC Bucure\u0219ti<\/span><\/p>\n<p class=\"yiv5201165757MsoNormal\" align=\"center\"><span lang=\"RO\">Prof.univ.dr. ANCA CIOBOTARU \u2013 <\/span><span lang=\"RO\">Facultatea de Teatru, UNAGE, Ia\u0219i<\/span><\/p>\n<p class=\"yiv5201165757MsoNormal\" align=\"center\"><span lang=\"RO\">\u00a0<\/span><\/p>\n<p class=\"yiv5201165757MsoNormal\" align=\"center\"><span lang=\"RO\">\u00a0<\/span><\/p>\n<p class=\"yiv5201165757MsoNormal\" align=\"center\"><b><span lang=\"RO\">Echipa de organizatori<\/span><\/b><\/p>\n<p class=\"yiv5201165757MsoNormal\" align=\"center\"><span lang=\"RO\">Coordonator proiect Lect.univ.dr. Ioana Petcu (Facultatea de Teatru, UNAGE, Ia\u0219i)<\/span><\/p>\n<p class=\"yiv5201165757MsoNormal\" align=\"center\"><span lang=\"RO\">\u00a0<\/span><\/p>\n<p class=\"yiv5201165757MsoNormal\" align=\"center\"><span lang=\"RO\">Lect.univ.dr. Ioana Bujoreanu (Facultatea de Teatru, UNAGE, Ia\u0219i)<\/span><\/p>\n<p class=\"yiv5201165757MsoNormal\" align=\"center\"><span lang=\"RO\">Lect.univ.dr. Carmen Antochi (Facultatea de Teatru, UNAGE, Ia\u0219i)<\/span><\/p>\n<p class=\"yiv5201165757MsoNormal\" align=\"center\"><span lang=\"RO\">Lect.univ.dr. Tamara Constantinescu (Facultatea de Teatru, UNAGE, Ia\u0219i)<\/span><\/p>\n<p class=\"yiv5201165757MsoNormal\" align=\"center\"><span lang=\"RO\">Lect.univ.dr. Bogdan Anghel (Facultatea de Teatru, UNAGE, Ia\u0219i)<\/span><\/p>\n<p class=\"yiv5201165757MsoNormal\" align=\"center\"><span lang=\"RO\">Lect.univ.dr. Sandra Mavhima (Facultatea de Teatru, UNAGE, Ia\u0219i)<\/span><\/p>\n<p class=\"yiv5201165757MsoNormal\" align=\"center\"><span lang=\"RO\">CS III dr. Raluca Zaharia (ICMA, UNAGE, Ia\u0219i)<\/span><\/p>\n<p><span lang=\"RO\">Asist.univ.dr. Cristi Avram (Facultatea de Teatru, UNAGE, Ia\u0219i)<\/span><\/div>\n","protected":false},"excerpt":{"rendered":"<p>Comitetul \u0219tiin\u021bific \u00a0 IRINA NICULESCU \u2013 Vicepre\u0219edinte UNIMA, SUA FRAN\u00c7OISE FLABAT \u2013 Centre de la Marionnette de la F\u00e9d\u00e9ration Wallonie-Bruxelles, professeur au Beaux Arts Tournai CS gr. I dr. GABRIELA HAJA \u2013 Institutul de Filologie Rom\u00e2n\u0103 \u201eA. Philippide\u201d, Academia Rom\u00e2n\u0103 Ia\u0219i Conf.univ.dr. RADU APOSTOL \u2013 Universitatea Na\u021bional\u0103 de Art\u0103 Teatral\u0103 \u0219i Cinematografic\u0103 \u201eI. L. Caragiale\u201d, Bucure\u0219ti Conf.univ.dr. habil. DIANA COZMA [&hellip;]<\/p>\n","protected":false},"author":1,"featured_media":0,"parent":0,"menu_order":0,"comment_status":"closed","ping_status":"open","template":"","meta":{"footnotes":""},"class_list":["post-2","page","type-page","status-publish","hentry"],"_links":{"self":[{"href":"https:\/\/conferinte.artes-teatru.ro\/index.php?rest_route=\/wp\/v2\/pages\/2","targetHints":{"allow":["GET"]}}],"collection":[{"href":"https:\/\/conferinte.artes-teatru.ro\/index.php?rest_route=\/wp\/v2\/pages"}],"about":[{"href":"https:\/\/conferinte.artes-teatru.ro\/index.php?rest_route=\/wp\/v2\/types\/page"}],"author":[{"embeddable":true,"href":"https:\/\/conferinte.artes-teatru.ro\/index.php?rest_route=\/wp\/v2\/users\/1"}],"replies":[{"embeddable":true,"href":"https:\/\/conferinte.artes-teatru.ro\/index.php?rest_route=%2Fwp%2Fv2%2Fcomments&post=2"}],"version-history":[{"count":5,"href":"https:\/\/conferinte.artes-teatru.ro\/index.php?rest_route=\/wp\/v2\/pages\/2\/revisions"}],"predecessor-version":[{"id":255,"href":"https:\/\/conferinte.artes-teatru.ro\/index.php?rest_route=\/wp\/v2\/pages\/2\/revisions\/255"}],"wp:attachment":[{"href":"https:\/\/conferinte.artes-teatru.ro\/index.php?rest_route=%2Fwp%2Fv2%2Fmedia&parent=2"}],"curies":[{"name":"wp","href":"https:\/\/api.w.org\/{rel}","templated":true}]}}