{"id":243,"date":"2020-10-22T12:04:05","date_gmt":"2020-10-22T12:04:05","guid":{"rendered":"http:\/\/conferinte.artes-teatru.ro\/?page_id=243"},"modified":"2020-11-02T07:52:35","modified_gmt":"2020-11-02T07:52:35","slug":"editia-2020","status":"publish","type":"page","link":"https:\/\/conferinte.artes-teatru.ro\/?page_id=243","title":{"rendered":"Edi\u021bia 2020"},"content":{"rendered":"<p><img loading=\"lazy\" decoding=\"async\" class=\"aligncenter wp-image-252 size-large\" src=\"http:\/\/conferinte.artes-teatru.ro\/wp-content\/uploads\/2020\/11\/Afis-Conferinta-729x1024.jpg\" alt=\"\" width=\"729\" height=\"1024\" srcset=\"https:\/\/conferinte.artes-teatru.ro\/wp-content\/uploads\/2020\/11\/Afis-Conferinta-729x1024.jpg 729w, https:\/\/conferinte.artes-teatru.ro\/wp-content\/uploads\/2020\/11\/Afis-Conferinta-213x300.jpg 213w, https:\/\/conferinte.artes-teatru.ro\/wp-content\/uploads\/2020\/11\/Afis-Conferinta-768x1079.jpg 768w, https:\/\/conferinte.artes-teatru.ro\/wp-content\/uploads\/2020\/11\/Afis-Conferinta-1093x1536.jpg 1093w, https:\/\/conferinte.artes-teatru.ro\/wp-content\/uploads\/2020\/11\/Afis-Conferinta-1457x2048.jpg 1457w, https:\/\/conferinte.artes-teatru.ro\/wp-content\/uploads\/2020\/11\/Afis-Conferinta-350x492.jpg 350w, https:\/\/conferinte.artes-teatru.ro\/wp-content\/uploads\/2020\/11\/Afis-Conferinta-scaled.jpg 1821w\" sizes=\"auto, (max-width: 729px) 100vw, 729px\" \/><\/p>\n<p>&nbsp;<\/p>\n<p><span lang=\"RO\">\u00cen spa\u021biul \u00eenv\u0103\u021b\u0103m\u00e2ntului universitar artistic \/voca\u021bional, sintagma <i>cercetare \u0219tiin\u021bific\u0103<\/i> genereaz\u0103 numeroase polemici; acestea, \u00eens\u0103, pot constitui r\u0103d\u0103cinile unor abord\u0103ri interdisciplinare, prin intermediul c\u0103rora s\u0103 se construiasc\u0103 pun\u021bi \u00eentre nelini\u0219tea crea\u021biei artistice \u0219i cea a cercet\u0103rii.<\/span><\/p>\n<p>\u00cen acest context, v\u0103 invitam s\u0103 participa\u021bi <span lang=\"RO\">la Conferin\u021ba <i>Art\u0103 \u0219i Cercetare \u2013 provoc\u0103ri contemporane, <\/i>ini\u021biat\u0103, \u00een cadrul proiectului CNFIS-FDI-2020-0537, de c\u0103tre \u0218colile Doctorale \u0219i Centrele de cercetare din Universitatea Na\u021bional\u0103 de Arte \u201eGeorge Enescu\u201d, Ia\u0219i. Ne adres\u0103m doctoranzilor \u0219i coordonatorilor de doctorat, precum \u0219i tuturor cadrelor didactice universitare sau masteranzilor interesa\u021bi de tema interdisciplinarit\u0103\u021bii artei, de utilizarea metodelor creative \u0219i a instrumentelor critice.<\/span><\/p>\n<p><span lang=\"RO\">Evenimentul se va desf\u0103\u0219ura pe <b>6 \u0219i 7 noiembrie 2020 <\/b>cu lucr\u0103ri \u00een plen \u0219i pe cele trei sec\u021biuni vizate &#8211; <b>Muzic\u0103<\/b>, <b>Teatru<\/b> \u0219i <b>Arte vizuale<\/b>. <\/span><\/p>\n<p><span lang=\"RO\">\u0218i pentru c\u0103 anul 2020 st\u0103 sub semnul provoc\u0103rilor \u0219i al imprevizibilului, Conferin\u021ba se va desf\u0103\u0219ura \u0219i \u00een spa\u021biul virtual, \u00een format de <i>videoconferin\u021b\u0103<\/i>. Lucr\u0103rile redactate \u00een limba englez\u0103 vor fi publicate \u00een baze de date indexate BDI, \u00een urma unui proces de peer-review. <\/span><\/p>\n<p><span lang=\"RO\">Taxele corespunz\u0103toare plas\u0103rii lucr\u0103rilor \u00een bazele de date amintite sunt finan\u021bate prin intermediul proiectului FDI.<\/span><\/p>\n<p><b>Termenul limit\u0103<\/b>\u00a0pentru trimiterea Fi\u0219ei de \u00eenscriere \u0219i a rezumatelor (\u00een rom\u00e2n\u0103 \u0219i englez\u0103):\u00a0<b><span lang=\"RO\">20.10.2020<\/span><\/b><\/p>\n<p><b>Confirmarea acceptarii lucr\u0103rilor: 25.10.2020<\/b><\/p>\n<p><b>Termenul de transmitere a linkurilor de conectare: 5.11.2020<\/b><\/p>\n<p><b>Termen limit\u0103\u00a0<\/b>pentru trimiterea lucr\u0103rilor\u00a0<i>in extenso<\/i><b>:<\/b><b><span lang=\"RO\"> 10.11.2020<\/span><\/b><\/p>\n<p>&nbsp;<\/p>\n<p>V\u0103 trimitem, ata\u0219at,\u00a0<b><a href=\"http:\/\/conferinte.artes-teatru.ro\/wp-content\/uploads\/2020\/11\/Formular-de-inscriere2.pdf\">Formularul de \u00eenscriere<\/a> \u0219i <a href=\"http:\/\/conferinte.artes-teatru.ro\/wp-content\/uploads\/2020\/11\/Norme-de-tehnoredactare-Conferinta1.pdf\">Normele de tehnoredactare<\/a>.<\/b><\/p>\n<p>Articolele \u00een limba englez\u0103 vor fi publicate \u00eentr-un volum colectiv indexat BDI<\/p>\n<p>&nbsp;<\/p>\n<p>Adresa de contact: <a href=\"mailto:arta.si.crecetare@gmail.com\" target=\"_blank\" rel=\"nofollow noopener noreferrer\" shape=\"rect\">arta.si.crecetare@gmail.com<\/a><\/p>\n<p>Persoane de contact:<\/p>\n<p><b>Muzic\u0103<\/b> &#8211; Conf. univ. dr. Loredana Ia\u021be\u0219en (<a href=\"mailto:iatesenloredana@yahoo.com\" target=\"_blank\" rel=\"nofollow noopener noreferrer\" shape=\"rect\">iatesenloredana@yahoo.com<\/a>)<\/p>\n<p><b>Arte vizuale<\/b> &#8211; Conf. univ. dr. Ecaterina Marghidan (<a href=\"mailto:ina_marghidan@yahoo.com\" target=\"_blank\" rel=\"nofollow noopener noreferrer\" shape=\"rect\">ina_marghidan@yahoo.com<\/a>)<\/p>\n<p><b>Teatru<\/b> &#8211; Lect. univ. dr. Ioana Petcu (<a href=\"mailto:ioana.petcu@arteiasi.ro\" target=\"_blank\" rel=\"nofollow noopener noreferrer\" shape=\"rect\">ioana.petcu@arteiasi.ro<\/a>)<\/p>\n<p>Organizatori:<\/p>\n<p>Lect. univ. dr. ing. Bogdan Anghel (<a href=\"mailto:bogdan.anghel@unage.ro\">bogdan.anghel@unage.ro<\/a>)<\/p>\n<p>ing. Victor Danila (<a href=\"mailto:victor.danila@unage.ro\">victor.danila@unage.ro<\/a>)<\/p>\n<p>drd. Carmen Antochi (<a href=\"mailto:carmen-elena.antochi@unage.ro\">carmen-elena.antochi@unage.ro<\/a>)<\/p>\n<p>&nbsp;<\/p>\n<p>Ne pute\u021bi vizita \u0219i pe <a href=\"https:\/\/www.facebook.com\/Art\u0103-\u0219i-Cercetare-Provoc\u0103ri-contemporane-111118317258078\/\">Pagina de Facebook<\/a> a proiectului.<\/p>\n<p><span lang=\"RO\">\u00a0<\/span><\/p>\n<p><span lang=\"RO\">Director de proiect<\/span><\/p>\n<p><span lang=\"RO\">Prof. univ. dr. habil. Anca Doina Ciobotaru<\/span><\/p>\n","protected":false},"excerpt":{"rendered":"<p>&nbsp; \u00cen spa\u021biul \u00eenv\u0103\u021b\u0103m\u00e2ntului universitar artistic \/voca\u021bional, sintagma cercetare \u0219tiin\u021bific\u0103 genereaz\u0103 numeroase polemici; acestea, \u00eens\u0103, pot constitui r\u0103d\u0103cinile unor abord\u0103ri interdisciplinare, prin intermediul c\u0103rora s\u0103 se construiasc\u0103 pun\u021bi \u00eentre nelini\u0219tea crea\u021biei artistice \u0219i cea a cercet\u0103rii. \u00cen acest context, v\u0103 invitam s\u0103 participa\u021bi la Conferin\u021ba Art\u0103 \u0219i Cercetare \u2013 provoc\u0103ri contemporane, ini\u021biat\u0103, \u00een cadrul proiectului CNFIS-FDI-2020-0537, de c\u0103tre \u0218colile Doctorale [&hellip;]<\/p>\n","protected":false},"author":3,"featured_media":0,"parent":0,"menu_order":0,"comment_status":"closed","ping_status":"closed","template":"","meta":{"footnotes":""},"class_list":["post-243","page","type-page","status-publish","hentry"],"_links":{"self":[{"href":"https:\/\/conferinte.artes-teatru.ro\/index.php?rest_route=\/wp\/v2\/pages\/243","targetHints":{"allow":["GET"]}}],"collection":[{"href":"https:\/\/conferinte.artes-teatru.ro\/index.php?rest_route=\/wp\/v2\/pages"}],"about":[{"href":"https:\/\/conferinte.artes-teatru.ro\/index.php?rest_route=\/wp\/v2\/types\/page"}],"author":[{"embeddable":true,"href":"https:\/\/conferinte.artes-teatru.ro\/index.php?rest_route=\/wp\/v2\/users\/3"}],"replies":[{"embeddable":true,"href":"https:\/\/conferinte.artes-teatru.ro\/index.php?rest_route=%2Fwp%2Fv2%2Fcomments&post=243"}],"version-history":[{"count":4,"href":"https:\/\/conferinte.artes-teatru.ro\/index.php?rest_route=\/wp\/v2\/pages\/243\/revisions"}],"predecessor-version":[{"id":253,"href":"https:\/\/conferinte.artes-teatru.ro\/index.php?rest_route=\/wp\/v2\/pages\/243\/revisions\/253"}],"wp:attachment":[{"href":"https:\/\/conferinte.artes-teatru.ro\/index.php?rest_route=%2Fwp%2Fv2%2Fmedia&parent=243"}],"curies":[{"name":"wp","href":"https:\/\/api.w.org\/{rel}","templated":true}]}}