{"id":256,"date":"2021-12-02T15:50:51","date_gmt":"2021-12-02T15:50:51","guid":{"rendered":"http:\/\/conferinte.artes-teatru.ro\/?page_id=256"},"modified":"2025-12-08T07:15:10","modified_gmt":"2025-12-08T07:15:10","slug":"editia-2021","status":"publish","type":"page","link":"https:\/\/conferinte.artes-teatru.ro\/?page_id=256","title":{"rendered":"Edi\u021bia 2022"},"content":{"rendered":"<div class=\"wp-block-image\">\n<figure class=\"aligncenter size-large is-resized\"><img loading=\"lazy\" decoding=\"async\" width=\"769\" height=\"1024\" src=\"http:\/\/conferinte.artes-teatru.ro\/wp-content\/uploads\/2022\/03\/afis_conferinta_ro-769x1024.jpg\" alt=\"\" class=\"wp-image-283\" style=\"width:553px;height:auto\" srcset=\"https:\/\/conferinte.artes-teatru.ro\/wp-content\/uploads\/2022\/03\/afis_conferinta_ro-769x1024.jpg 769w, https:\/\/conferinte.artes-teatru.ro\/wp-content\/uploads\/2022\/03\/afis_conferinta_ro-225x300.jpg 225w, https:\/\/conferinte.artes-teatru.ro\/wp-content\/uploads\/2022\/03\/afis_conferinta_ro-768x1023.jpg 768w, https:\/\/conferinte.artes-teatru.ro\/wp-content\/uploads\/2022\/03\/afis_conferinta_ro-1153x1536.jpg 1153w, https:\/\/conferinte.artes-teatru.ro\/wp-content\/uploads\/2022\/03\/afis_conferinta_ro-1537x2048.jpg 1537w, https:\/\/conferinte.artes-teatru.ro\/wp-content\/uploads\/2022\/03\/afis_conferinta_ro-350x466.jpg 350w, https:\/\/conferinte.artes-teatru.ro\/wp-content\/uploads\/2022\/03\/afis_conferinta_ro-scaled.jpg 1922w\" sizes=\"auto, (max-width: 769px) 100vw, 769px\" \/><\/figure>\n<\/div>\n\n\n<p><strong>Teatrul emergent <\/strong>\u2013 o formul\u0103 pe c\u00e2t de polivalent\u0103, pe at\u00e2t de contrariant\u0103 \u00een prezent, o formul\u0103 pe c\u00e2t de bogat\u0103, pe at\u00e2t de limitativ\u0103 poate. Bucur\u00e2ndu-se de o utilizare considerabil\u0103 \u00eencep\u00e2nd cu anii \u201960 p\u00e2n\u0103 azi, c\u00e2nd \u00eenclina ca echivalen\u021b\u0103 cu ideea de progres sau de evolu\u021bie a artelor performative, expresia poate fi privit\u0103 la o dat\u0103 mai recent\u0103 cu distan\u021bare critic\u0103, lu\u00e2nd \u00een calcul o mai mul\u021bi factori care contribuie la fenomenul de interac\u021biune, de distan\u021bare, scindare sau repliere a varia\u021biilor spectaculare. Teatrul emergent impune o delimitare pe orizontal\u0103: emergent fa\u021b\u0103 de ce sau de cine? Fa\u021b\u0103 de public, fa\u021b\u0103 de formele literaturii dramatice clasice ori fa\u021b\u0103 de tehnicile de abordare scenic\u0103? A doua nuan\u021b\u0103 care trebuie ad\u0103ugat\u0103 \u00een discu\u021bie se rela\u021bioneaz\u0103 pe vertical\u0103, referindu-se la modificarea recept\u0103rii operei de art\u0103 ori la prospec\u021bii \u00een privin\u021ba devenirii teatrului \u00een timp.<\/p>\n\n\n\n<p>De la teatrul social, la asocia\u021biile care folosesc teatru ca instrument terapeutic ori ca motor de integrare social\u0103, de la produc\u021biile gigante\u0219ti, desf\u0103\u0219urate pe scene impresionante sau \u00een spa\u021bii imersive, p\u00e2n\u0103 la posibilit\u0103\u021bile transl\u0103rii spectacolelor \u00een mediul virtual sau online, spectrul manifest\u0103rilor teatrului din secolul XXI este de multe ori marcat de hibridizare, de multidisciplinaritate, de conjunc\u021bie \u0219i disjunc\u021bie deopotriv\u0103.<\/p>\n\n\n\n<p>Pornind dinspre analiz\u0103 spre constat\u0103ri, cum este \u0219i firesc, se desprind o serie de chestiuni demne spre a fi l\u0103murite. De pild\u0103, se cuvine l\u0103murit dac\u0103 exist\u0103 bariere \u00een fa\u021ba devenirii noilor aspecte pe care teatrul le cuprinde, ori dac\u0103 exist\u0103 modalit\u0103\u021bi prin care se creeaz\u0103 un sistem de rezilien\u021b\u0103 chiar \u0219i atunci c\u00e2nd arti\u0219tii \u00een\u0219i\u0219i consider\u0103 c\u0103 ar putea deveni note de subsol, \u00een timp, \u00een istoria teatrului (Robert Wilson, <em>The art my generation produced won\u2019t be seen in 50 years<\/em>, <em>The Guardian<\/em>, 2016). Ne-am mai putea \u00eentreba de asemenea care sunt noile raport\u0103ri la spa\u021bialitate, \u00een mi\u0219carea de distan\u021bare dublat\u0103 de nevoia constant\u0103 de interac\u021biune, recunoa\u0219tere sau de replieri \u00een matricile culturale. Fiindc\u0103 dac\u0103 ar fi s\u0103 relu\u0103m \u00een prezent cuvintele lui Georg Fuchs potrivit c\u0103rora \u201e<em>Fiecare v\u00e2rst\u0103 \u0219i fiecare societate are teatrul pe care-l merit\u0103 \u0219i nimeni, nici m\u0103car cel mai temut dictator, nici cel mai influent artist, nu poate for\u021ba un altul peste el<\/em>\u201d (<em>Revolution in the Theatre<\/em>, 1959), vom observa ele cap\u0103t\u0103 poate o not\u0103 de relativism, st\u00e2rnindu<\/p>\n\n\n\n<p>Plec\u00e2nd pe urmele acestor direc\u021bii, \u00een c\u0103utarea \u00eent\u00e2lnirii dintre opinii, viziuni \u0219i interpret\u0103ri, Facultatea de Teatru a Universit\u0103\u021bii Na\u021bionale de Arte \u201eGeorge Enescu\u201d din Ia\u0219i, Centrul de cercetare \u201eArta Teatrului \u2013 studiu \u0219i crea\u021bie\u201d cu sprijinul Institutului de Cercet\u0103ri Multidisciplinare \u00een Art\u0103 v\u0103 invit\u0103 s\u0103 transmite\u021bi propuneri de participare la Conferin\u021ba cu participare interna\u021bional\u0103 intitulat\u0103 <strong>Teatru emergent: distan\u021b\u0103, interac\u021biune \u0219i rezilien\u021b\u0103 \u00een artele spectacolului din secolul XXI\u00a0<\/strong>care se va desf\u0103\u0219ura \u00een zilele de <strong><b>1<\/b>8 \u0219i 19 martie 2022<\/strong>.<\/p>\n\n\n\n<p>Propunerile transmise se pot concentra asupra urm\u0103toarelor teme de interes:<\/p>\n\n\n\n<ul class=\"wp-block-list\">\n<li>Viziuni regizorale \u0219i imersiunea \u00een mediul digital \/ online<\/li>\n\n\n\n<li>Arta actorului \u0219i arta spectacolului \u00een contextul ultimilor ani<\/li>\n\n\n\n<li>Direc\u021bii ale cercet\u0103rii \u00een arta coregrafic\u0103<\/li>\n\n\n\n<li>Valorificarea cercet\u0103rii \u00een sfera artei spectacolului \u0219i varia\u021biile recept\u0103rii<\/li>\n\n\n\n<li>Pedagogia teatral\u0103 \u0219i sensuri interdisciplinare ale spectacolului teatral<\/li>\n\n\n\n<li>Creativitate \u0219i metode aplicative \u00een artele spectacolului contemporan<\/li>\n<\/ul>\n\n\n\n<p>\u00cen continuarea Conferin\u021belor organizate de c\u0103tre Facultatea de Teatru, \u00eencepute \u00een anul 2015, ne adres\u0103m cadrelor didactice universitare, cercet\u0103torilor, studen\u021bilor, masteranzilor \u0219i doctoranzilor deschi\u0219i temei noastre de reflec\u021bie, interesa\u021bi \u0219i specializa\u021bi \u00een domeniul <em>Teatru \u0219i artele spectacolului<\/em>. Obiectivele noastre generale vizeaz\u0103:<\/p>\n\n\n\n<ul class=\"wp-block-list\">\n<li>Promovarea rezultatelor cercet\u0103rilor din domeniul teatral \u00een context national \u0219i interna\u021bional<\/li>\n\n\n\n<li>Promovarea tinerilor cercet\u0103tori<\/li>\n\n\n\n<li>Continuarea dialogului dinspre teoreticieni \u0219i practicieni ai teatrului spre publicul larg<\/li>\n\n\n\n<li>Continua descoperire a unor noi c\u0103i de inova\u021bie \u00een domeniul practicii scenice, precum \u0219i revitalizarea resurselor teoretice<\/li>\n\n\n\n<li>Formarea echipelor de cercet\u0103tori \u00een domeniul teatrului, \u00eentre profesori \u0219i doctoranzi, \u00eentre teorticien \u0219i cei care lucreaz\u0103 \u00een teatre.<\/li>\n\n\n\n<li>Urm\u0103rirea direc\u021biilor transdisciplinare dintre arta teatrului \u0219i ariile conexe\u00a0: literatur\u0103, film, muzic\u0103, filosofie, antropologie, sociologie etc.<\/li>\n<\/ul>\n\n\n\n<p><strong>Informa\u021bii generale:<\/strong><\/p>\n\n\n\n<p>Propunerile transmise ini\u021bial trebuie s\u0103 con\u021bin\u0103 un titlu \u0219i un rezumat de 300 cuvinte \u00een limba rom\u00e2n\u0103 \u0219i englez\u0103 \u0219i 5 cuvinte cheie. Propunerile acceptate vor urma a fi dezvoltate prin elaborarea unui articol de cel mult zece pagini (\u00een limba rom\u00e2n\u0103 \u0219i englez\u0103) care va fi trimis echipe de organizare p\u00e2n\u0103 la 28 Februarie 2022.<\/p>\n\n\n\n<p>Articolele rezultate \u00een urma prelegerilor vor fi supuse procesului de peer review \u0219i vor fi publicate \u00een revista \u201eColocvii teatrale\u201d \/ \u201cTheatrical Colloquia\u201d, revist\u0103 indexat\u0103 \u00een bazele de date interna\u021bionale (CEEOL, Erih +, Ebsco etc)<\/p>\n\n\n\n<p>Conferin\u021ba se va desf\u0103\u0219ura online.<\/p>\n\n\n\n<p><strong>Calendarul \u00eenscrierii la Conferin\u021b\u0103<\/strong>:<\/p>\n\n\n\n<p>1 Decembrie 2021 &#8211; lansarea \/ diseminarea anun\u021bului Conferin\u021bei<\/p>\n\n\n\n<p>10 Februarie 2022 &#8211; termenul limit\u0103 pentru primirea titlurilor \u0219i a rezumatelor<\/p>\n\n\n\n<p>28 Februarie 2022 &#8211; termenul limit\u0103 pentru primirea articolelor \u00een integralitate<\/p>\n\n\n\n<p>1 Martie 2022 &#8211; transmiterea programului Conferin\u021bei cu participare interna\u021bioanl\u0103<\/p>\n\n\n\n<p>18-19 Martie 2022 \u2013 desf\u0103\u0219urarea Conferin\u021bei<\/p>\n\n\n\n<p>Studiile sau articolele vor fi trimise pe adresa de email <a href=\"mailto:conferinta.teatru@unage.ro\"><strong>conferinta.teatru@unage.ro<\/strong><\/a><\/p>\n\n\n\n<p>\u00cen vederea particip\u0103rii la eveniment nu sunt prev\u0103zute taxe.<\/p>\n\n\n\n<p>Mapele \u00een format fizic sau digital vor fi trimise la participan\u021bi dup\u0103 \u00eencheierea panelurilor de discu\u021bii.<\/p>\n\n\n\n<p><a href=\"http:\/\/conferinte.artes-teatru.ro\/wp-content\/uploads\/2021\/12\/Norme_de_redactare_Conferinta.pdf\">Norme de tehnoredactare<\/a><\/p>\n","protected":false},"excerpt":{"rendered":"<p>Teatrul emergent \u2013 o formul\u0103 pe c\u00e2t de polivalent\u0103, pe at\u00e2t de contrariant\u0103 \u00een prezent, o formul\u0103 pe c\u00e2t de bogat\u0103, pe at\u00e2t de limitativ\u0103 poate. Bucur\u00e2ndu-se de o utilizare considerabil\u0103 \u00eencep\u00e2nd cu anii \u201960 p\u00e2n\u0103 azi, c\u00e2nd \u00eenclina ca echivalen\u021b\u0103 cu ideea de progres sau de evolu\u021bie a artelor performative, expresia poate fi privit\u0103 la o dat\u0103 mai recent\u0103 [&hellip;]<\/p>\n","protected":false},"author":3,"featured_media":0,"parent":0,"menu_order":0,"comment_status":"closed","ping_status":"closed","template":"","meta":{"footnotes":""},"class_list":["post-256","page","type-page","status-publish","hentry"],"_links":{"self":[{"href":"https:\/\/conferinte.artes-teatru.ro\/index.php?rest_route=\/wp\/v2\/pages\/256","targetHints":{"allow":["GET"]}}],"collection":[{"href":"https:\/\/conferinte.artes-teatru.ro\/index.php?rest_route=\/wp\/v2\/pages"}],"about":[{"href":"https:\/\/conferinte.artes-teatru.ro\/index.php?rest_route=\/wp\/v2\/types\/page"}],"author":[{"embeddable":true,"href":"https:\/\/conferinte.artes-teatru.ro\/index.php?rest_route=\/wp\/v2\/users\/3"}],"replies":[{"embeddable":true,"href":"https:\/\/conferinte.artes-teatru.ro\/index.php?rest_route=%2Fwp%2Fv2%2Fcomments&post=256"}],"version-history":[{"count":10,"href":"https:\/\/conferinte.artes-teatru.ro\/index.php?rest_route=\/wp\/v2\/pages\/256\/revisions"}],"predecessor-version":[{"id":340,"href":"https:\/\/conferinte.artes-teatru.ro\/index.php?rest_route=\/wp\/v2\/pages\/256\/revisions\/340"}],"wp:attachment":[{"href":"https:\/\/conferinte.artes-teatru.ro\/index.php?rest_route=%2Fwp%2Fv2%2Fmedia&parent=256"}],"curies":[{"name":"wp","href":"https:\/\/api.w.org\/{rel}","templated":true}]}}