{"id":73,"date":"2018-11-23T10:23:57","date_gmt":"2018-11-23T10:23:57","guid":{"rendered":"http:\/\/conferinte.artes-teatru.ro\/?page_id=73"},"modified":"2018-12-06T09:57:23","modified_gmt":"2018-12-06T09:57:23","slug":"etica-publicarii","status":"publish","type":"page","link":"https:\/\/conferinte.artes-teatru.ro\/?page_id=73","title":{"rendered":"Etica public\u0103rii"},"content":{"rendered":"<p style=\"text-align: center;\"><strong>Norme de redactare<\/strong><\/p>\n<p>&nbsp;<\/p>\n<p><strong>Textele comunic\u0103rilor nu vor dep\u0103\u015fi 10 pagini pentru publicare \u00een volum . Comunic\u0103rile vor fi prezentate dup\u0103 sus\u0163inerea lor \u00een cadrul Simpozionului, secretarului Simpozionului, at\u00e2t pe CD c\u00e2t \u015fi printate.<\/strong><\/p>\n<p><strong>Textele care nu respect\u0103 normele de mai jos nu vor putea fi publicate \u00een volum.<\/strong><\/p>\n<p><strong>Se aplic\u0103 ortografia actual\u0103 a limbii rom\u00e2ne.<\/strong><br \/>\nSe folose\u015fte fontul Times New Roman (autorul va include pe CD toate celelalte fonturi utilizate \u2013 pentru transcriere fonetic\u0103, fonturi grece\u015fti, chirilice etc.).<\/p>\n<p><strong>I. Format:<\/strong> fi\u015fier Word Academic B5 (JIS), oglinda paginii 2,5 cm.<br \/>\nTitlul: corp 14, centrat, bold, minuscule (cu excep\u0163iile normale: ini\u0163ial\u0103, nume proprii etc.), la 1 r\u00e2nd; \u00eenainte de titlu se las\u0103 3 spa\u0163ii de 14.<br \/>\nNumele autorului\/autorilor: corp 12, aliniere la dreapta, prenumele cu minuscule (\u00een afar\u0103 de ini\u0163ial\u0103), numele cu CAPS LOCK.<br \/>\nMoto (\u00een eventualitatea \u00een care exist\u0103): corp 10, alineat dreapta, ghilimele; sursa se d\u0103 \u00eentre paranteze.<br \/>\nTextul propriu-zis: corp 12, alineat de 1 cm; spa\u0163iere: la un r\u00e2nd.<br \/>\nTitlul capitolelor (\u015fi num\u0103rul de ordine): corp 12, bold; alineat de 1cm; spa\u0163iere: din Paragraph, \u00eenainte 12 pct., dup\u0103 6 pct.<br \/>\nNotele: corp 10; alineat de 0,5 cm.<br \/>\nBibliografie:<br \/>\na) titlu: corp 12, bold, centrat; spa\u0163iere: din Paragraph, \u00eenainte 12 pct., dup\u0103 12 pct.;<br \/>\nb) referin\u0163ele propriu-zise: corp 10, aliniere hanging (ag\u0103\u0163at), la 1 cm.<br \/>\nRezumat:<br \/>\na) titlu: corp 12, bold, centrat; spa\u0163iere: din Paragraph, \u00eenainte 12 pct., dup\u0103 12 pct.<br \/>\nb) textul rezumatului: corp 10, aliniat la 1 cm.<\/p>\n<p><strong>II. Caractere tipografice<\/strong><br \/>\nMajusculele nu se folosesc dec\u00e2t potrivit regulilor ortografice standard ale limbii \u00een care este redactat articolul.<br \/>\nItalicele se folosesc exclusiv \u00een locurile legitimate de tradi\u0163ie, \u015fi anume:<br \/>\na) pentru indicarea caracterului de exemplu a unui cuv\u00e2nt sau sintagm\u0103 precum:<br \/>\nb) pentru notarea titlurilor c\u0103r\u0163ilor \u015fi articolelor citate, \u00een text, \u00een note sau \u00een bibliografie;<br \/>\nc) atunci c\u00e2nd autorul dore\u015fte s\u0103 reliefeze un concept, un termen tehnic sau, mai rar, o scurt\u0103 defini\u0163ie..<br \/>\nAldinele (boldul) se \u00eentrebuin\u0163eaz\u0103 exclusiv la scrierea titlurilor \u015fi subtitlurilor.<br \/>\nCapitalele mici (small caps) se \u00eentrebuin\u0163eaz\u0103 exclusiv la siglarea surselor \u00eentrebuin\u0163ate mai frecvent.<br \/>\nSublinierea (underline) nu se \u00eentrebuin\u0163eaz\u0103 deloc.<br \/>\n\u00cen titlurile articolelor sau \u00een titlurile din bibliografie, \u00een subtitluri \u015fi \u00een citatele ilustrative, italic \u00een italic = bold italic.<\/p>\n<p><strong>III. Alineate<\/strong><br \/>\nAlineatele se \u00eentrebuin\u0163eaz\u0103 foarte parcimonios, doar c\u00e2nd realmente este necesar, ceea ce \u00eenseamn\u0103, statistic \u015fi \u00een medie, \u00een fragmentele de text compacte, aproximativ la fiecare 1200 semne.<\/p>\n<p><strong>IV. Bibliografia \u015fi sistemul de referin\u0163e<\/strong><br \/>\nFiecare articol sau studiu este \u00eenso\u0163it obligatoriu de o Bibliografie, care con\u0163ine lucr\u0103rile citate (sau consultate), inseriate \u00een ordinea alfabetic\u0103 a numelui autorului.<br \/>\nLa bibliografia de la sf\u00e2r\u015fitul studiului se va respecta urm\u0103toarea ordine: nume de familie, an de apari\u0163ie, dou\u0103 puncte, prenume, nume, titlul citat scris cu italice, volumul (dac\u0103 este cazul, prescurtat \u00een forma \u201evol.\u201d \u015fi urmat de num\u0103rul volumului, scris cu caractere romane), traduc\u0103torul, \u00eengrijitorul edi\u0163iei etc. (dac\u0103 este cazul), localitatea de apari\u0163ie, editura, pagini (dac\u0103 este cazul); la sf\u00e2r\u015fitul fiec\u0103rei intr\u0103ri se pune punct.<br \/>\n\u00cen cazul periodicelor: nume, anul, dou\u0103 puncte, prenume, nume, titlul articolului scris cu italice, titlul revistei \u00eentre ghilimele (f\u0103r\u0103 bold sau italice), anul de apari\u0163ie, anul calendaristic, num\u0103rul, pagini (dac\u0103 este cazul); la sf\u00e2r\u015fitul fiec\u0103rei intr\u0103ri se pune punct.<br \/>\nCazuri speciale:<br \/>\n&#8211; dac\u0103 un autor citat apare \u00een Bibliografie cu mai multe lucr\u0103ri din acela\u015fi an, acestea se diferen\u0163iaz\u0103 ad\u0103ug\u00e2nd la an literele a, b, c, \u00een func\u0163ie de ordinea alfabetic\u0103 a titlurilor respective.<br \/>\nC\u00e2nd specificul articolului o impune, bibliografia poate avea dou\u0103 capitole, dup\u0103 cum urmeaz\u0103:<br \/>\nA. Izvoare \u015fi lucr\u0103ri de referin\u0163\u0103<br \/>\nB. Literatur\u0103 secundar\u0103<\/p>\n<p><strong>V. Note de subsol<\/strong><br \/>\nNotele de subsol (footnotes) se numeroteaz\u0103 \u00eencep\u00e2nd cu 1 \u015fi se insereaz\u0103 automat, select\u00e2nd din meniul Insert\/Inserare \u2013 Reference\/Referin\u0163\u0103 op\u0163iunea Footnotes\/Not\u0103 de subsol. \u00cen note se dau de regul\u0103 informa\u0163ii mai ample (citate, explica\u0163ii colaterale etc.), \u00een vreme ce trimiterile simple, strict bibliografice, vor fi inserate \u00een textul articolului. Dup\u0103 num\u0103rul notelor nu se pune punct, \u00een schimb textul fiec\u0103rei note se \u00eencheie cu punct.<br \/>\n\u00cen textul propriu-zis, la sf\u00e2r\u015fitul citatelor, succesiunea este: \u201e&#8230;\u201d32. Indicele de not\u0103 preced\u0103 semnul de punctua\u0163ie (punct, virgul\u0103 etc.), iar dac\u0103 enun\u0163ul se termin\u0103 imediat dup\u0103 citat, punctul apare dup\u0103 ghilimelele \u00eenchise.<\/p>\n<p><strong>VI. Procedee de citare<\/strong><br \/>\nCitatele se marcheaz\u0103 cu ghilimele (nu \u015fi cu italic), astfel:<br \/>\n\u201exxx\u201d pentru limba rom\u00e2n\u0103;<br \/>\n\u201cxxx\u201d pentru limba englez\u0103;<br \/>\n\u00ab xxx \u00bb pentru limba francez\u0103, \u00een func\u0163ie de limba \u00een care este scris articolul.<br \/>\nSe folosesc 3 tipuri de ghilimele: \u201exxx\u201d, \u00ab xxx \u00bb, \u2018xxx\u2019. Cazurile de citat \u00een citat se rezolv\u0103 astfel: \u201exxx xx xx \u00abxxx xxx \u060cxxx\u2019\u00bb xxx\u201d sau \u201e\u00abxxx\u00bb xxx\u201d.<br \/>\nCitatele mai mari de 2 r\u00e2nduri se scot \u00een paragraf separat, corp 11, f\u0103r\u0103 ghilimele, f\u0103r\u0103 italic, cu paragraf de 1 cm, retras la 1 cm; spa\u0163iere: din Paragraph, \u00eenainte 6 pct., dup\u0103 6 pct.<br \/>\nLacunele din citate se redau prin puncte de suspensie \u00eentre paranteze drepte: [&#8230;].<\/p>\n<p><strong>VII. Prescurt\u0103ri<\/strong><br \/>\nEste de dorit s\u0103 se evite prescurt\u0103rile, \u00een afar\u0103 de cele curente \u015fi universal (re)cunoscute. \u00cen cazul \u00een care se impun, ele se fac dup\u0103 regulile din DOOM: adj., subst., engl., gr. etc.<br \/>\nNumele proprii nu se prescurteaz\u0103.<br \/>\nForma celor mai frecvente prescurt\u0103ri:<br \/>\ns.v. (= sub verbo, la citarea dic\u0163ionarelor)<br \/>\np. 5 sq. (= \u015fi urm\u0103toarea), sqq. (= \u015fi urm\u0103toarele).<br \/>\nsupra<br \/>\ninfra<br \/>\ncf.<\/p>\n<p><strong>VIII. Versuri<\/strong><br \/>\nDac\u0103 \u00eentr-un text se citeaz\u0103 versuri, acestea se redau \u00een succesiune, fiecare vers fiind desp\u0103r\u0163it de anteriorul prin slash (\/); acesta va fi lipit de versul anterior \u015fi desp\u0103r\u0163it printr-un spa\u0163iu de cel pe care \u00eel preced\u0103. Sf\u00e2r\u015fitul de strof\u0103 va fi marcat prin dublarea slash-ului.<\/p>\n<p><strong>IX. Scheme \u015fi tabele<\/strong><br \/>\nSchemele, tabelele, materialele scanate (h\u0103r\u0163i, imagini etc.) vor fi incluse \u00een documentul Word din care fac parte. \u00cen principiu, acestea vor fi separate de textul curent al articolului prin op\u0163iunea Insert \u2013 Sections Break \u2013 Continuous din Word. Aceleia\u015fi reguli i se supun \u015fi materialele scanate (h\u0103r\u0163i, imagini etc.) inserate de autor \u00een text.<\/p>\n<p><strong>X. Rezumat<\/strong><br \/>\nLucrarea va fi \u00eenso\u0163it\u0103 la final de un rezumat \u00een limba englez\u0103, de cel pu\u0163in 20 de r\u00e2nduri (inclusiv titlul articolului va fi tradus \u00een englez\u0103), \u015fi de c\u00e2teva cuvinte-cheie \u00een englez\u0103 (care vor sta la \u00eenceputul articolului).<\/p>\n","protected":false},"excerpt":{"rendered":"<p>Norme de redactare &nbsp; Textele comunic\u0103rilor nu vor dep\u0103\u015fi 10 pagini pentru publicare \u00een volum . Comunic\u0103rile vor fi prezentate dup\u0103 sus\u0163inerea lor \u00een cadrul Simpozionului, secretarului Simpozionului, at\u00e2t pe CD c\u00e2t \u015fi printate. Textele care nu respect\u0103 normele de mai jos nu vor putea fi publicate \u00een volum. Se aplic\u0103 ortografia actual\u0103 a limbii rom\u00e2ne. Se folose\u015fte fontul Times [&hellip;]<\/p>\n","protected":false},"author":1,"featured_media":0,"parent":0,"menu_order":0,"comment_status":"closed","ping_status":"closed","template":"","meta":{"footnotes":""},"class_list":["post-73","page","type-page","status-publish","hentry"],"_links":{"self":[{"href":"https:\/\/conferinte.artes-teatru.ro\/index.php?rest_route=\/wp\/v2\/pages\/73","targetHints":{"allow":["GET"]}}],"collection":[{"href":"https:\/\/conferinte.artes-teatru.ro\/index.php?rest_route=\/wp\/v2\/pages"}],"about":[{"href":"https:\/\/conferinte.artes-teatru.ro\/index.php?rest_route=\/wp\/v2\/types\/page"}],"author":[{"embeddable":true,"href":"https:\/\/conferinte.artes-teatru.ro\/index.php?rest_route=\/wp\/v2\/users\/1"}],"replies":[{"embeddable":true,"href":"https:\/\/conferinte.artes-teatru.ro\/index.php?rest_route=%2Fwp%2Fv2%2Fcomments&post=73"}],"version-history":[{"count":3,"href":"https:\/\/conferinte.artes-teatru.ro\/index.php?rest_route=\/wp\/v2\/pages\/73\/revisions"}],"predecessor-version":[{"id":162,"href":"https:\/\/conferinte.artes-teatru.ro\/index.php?rest_route=\/wp\/v2\/pages\/73\/revisions\/162"}],"wp:attachment":[{"href":"https:\/\/conferinte.artes-teatru.ro\/index.php?rest_route=%2Fwp%2Fv2%2Fmedia&parent=73"}],"curies":[{"name":"wp","href":"https:\/\/api.w.org\/{rel}","templated":true}]}}