{"id":88,"date":"2018-11-26T15:15:37","date_gmt":"2018-11-26T15:15:37","guid":{"rendered":"http:\/\/conferinte.artes-teatru.ro\/?page_id=88"},"modified":"2026-03-16T06:40:22","modified_gmt":"2026-03-16T06:40:22","slug":"despre","status":"publish","type":"page","link":"https:\/\/conferinte.artes-teatru.ro\/","title":{"rendered":"Despre"},"content":{"rendered":"<div align=\"justify\">\n<p><img loading=\"lazy\" decoding=\"async\" class=\"alignleft wp-image-238 \" title=\"UNAGE Iasi\" src=\"http:\/\/conferinte.artes-teatru.ro\/wp-content\/uploads\/2018\/12\/logo_teatru3.jpg\" alt=\"\" width=\"333\" height=\"159\" srcset=\"https:\/\/conferinte.artes-teatru.ro\/wp-content\/uploads\/2018\/12\/logo_teatru3.jpg 450w, https:\/\/conferinte.artes-teatru.ro\/wp-content\/uploads\/2018\/12\/logo_teatru3-300x143.jpg 300w, https:\/\/conferinte.artes-teatru.ro\/wp-content\/uploads\/2018\/12\/logo_teatru3-350x167.jpg 350w\" sizes=\"auto, (max-width: 333px) 100vw, 333px\" \/>\u0218coala Doctoral\u0103\u00a0 de Teatru\u00a0 \u0219i Centrul de Cercetare al Facult\u0103\u021bii de Teatru, din cadrul Universit\u0103\u0163ii de Arte \u201eGeorge Enescu\u201d din Ia\u015fi, av\u00e2nd ca misiune asumat\u0103 <em>promovarea\u00a0 contribu\u021biei personalit\u0103\u021bilor din domeniul cercet\u0103rii teatrale \u0219i\u00a0 crearea contextelor de transmitere a experien\u021bei acestora c\u0103tre studen\u021bii doctoranzi ai\u00a0 Facult\u0103\u021bii\u00a0 \u0219i tinerii absolven\u021bi<\/em>, \u0219i-au propus anual realizarea unor \u00eent\u00e2lniri academice.<\/p>\n<p>\u00cencep\u00e2nd cu anul 2015 acestea s-au desf\u0103\u0219urat sub titulatura de Simpozioane na\u021bionale, iar din 2018 sub forma unei Conferin\u021be interna\u021bionale. Dezideratul este acela de a reg\u0103si dialogul \u00eentre teoreticienii \u0219i practicienii din \u021bara noastr\u0103, contextalizat, la nivel European \u0219i nu numai.<\/p>\n<p>Astfel, \u00een fiecare an, contribu\u021biile participan\u021bilor se adun\u0103 \u00een paginile unor volume consistente, indexate pe baze de date interna\u021bionale, astfel \u00eenc\u00e2t ideile \u0219i informa\u021biile s\u0103-\u0219i poat\u0103 continua drumul \u0219i dincolo de cadrul propriu-zis al acestor \u00eent\u00e2lniri.<\/p>\n<\/div>\n<p>Scopurile noastre:<\/p>\n<ul>\n<li>Promovarea rezultatelor cercet\u0103rilor din domeniul teatral \u00een context national \u0219i interna\u021bional<\/li>\n<li>Promovarea tinerilor cercet\u0103tori<\/li>\n<li>Continuarea dialogului dinspre teoreticieni \u0219i practicieni ai teatrului spre publicul larg<\/li>\n<li>Continua descoperire a unor noi c\u0103i de inova\u021bie \u00een domeniul practicii sceice, precum \u0219i revitalizarea resurselor teoretice<\/li>\n<li>Formarea echipelor de cercet\u0103tori \u00een domeniul teatrului, \u00eentre profesori \u0219i doctoranzi, \u00eentre teorticien \u0219i cei care lucreaz\u0103 \u00een teatre.<\/li>\n<li>Urm\u0103rirea direc\u021biilor transdisciplinare dintre arta teatrului \u0219i ariile conexe\u00a0: literatur\u0103, film, muzic\u0103, filosofie, antropologie, sociologie etc.<\/li>\n<\/ul>\n","protected":false},"excerpt":{"rendered":"<p>\u0218coala Doctoral\u0103\u00a0 de Teatru\u00a0 \u0219i Centrul de Cercetare al Facult\u0103\u021bii de Teatru, din cadrul Universit\u0103\u0163ii de Arte \u201eGeorge Enescu\u201d din Ia\u015fi, av\u00e2nd ca misiune asumat\u0103 promovarea\u00a0 contribu\u021biei personalit\u0103\u021bilor din domeniul cercet\u0103rii teatrale \u0219i\u00a0 crearea contextelor de transmitere a experien\u021bei acestora c\u0103tre studen\u021bii doctoranzi ai\u00a0 Facult\u0103\u021bii\u00a0 \u0219i tinerii absolven\u021bi, \u0219i-au propus anual realizarea unor \u00eent\u00e2lniri academice. \u00cencep\u00e2nd cu anul 2015 acestea [&hellip;]<\/p>\n","protected":false},"author":1,"featured_media":0,"parent":0,"menu_order":0,"comment_status":"closed","ping_status":"closed","template":"","meta":{"footnotes":""},"class_list":["post-88","page","type-page","status-publish","hentry"],"_links":{"self":[{"href":"https:\/\/conferinte.artes-teatru.ro\/index.php?rest_route=\/wp\/v2\/pages\/88","targetHints":{"allow":["GET"]}}],"collection":[{"href":"https:\/\/conferinte.artes-teatru.ro\/index.php?rest_route=\/wp\/v2\/pages"}],"about":[{"href":"https:\/\/conferinte.artes-teatru.ro\/index.php?rest_route=\/wp\/v2\/types\/page"}],"author":[{"embeddable":true,"href":"https:\/\/conferinte.artes-teatru.ro\/index.php?rest_route=\/wp\/v2\/users\/1"}],"replies":[{"embeddable":true,"href":"https:\/\/conferinte.artes-teatru.ro\/index.php?rest_route=%2Fwp%2Fv2%2Fcomments&post=88"}],"version-history":[{"count":17,"href":"https:\/\/conferinte.artes-teatru.ro\/index.php?rest_route=\/wp\/v2\/pages\/88\/revisions"}],"predecessor-version":[{"id":344,"href":"https:\/\/conferinte.artes-teatru.ro\/index.php?rest_route=\/wp\/v2\/pages\/88\/revisions\/344"}],"wp:attachment":[{"href":"https:\/\/conferinte.artes-teatru.ro\/index.php?rest_route=%2Fwp%2Fv2%2Fmedia&parent=88"}],"curies":[{"name":"wp","href":"https:\/\/api.w.org\/{rel}","templated":true}]}}