{"id":95,"date":"2018-12-03T14:29:20","date_gmt":"2018-12-03T14:29:20","guid":{"rendered":"http:\/\/conferinte.artes-teatru.ro\/?page_id=95"},"modified":"2018-12-06T09:58:43","modified_gmt":"2018-12-06T09:58:43","slug":"proces-de-peer-review","status":"publish","type":"page","link":"https:\/\/conferinte.artes-teatru.ro\/?page_id=95","title":{"rendered":"Informa\u021bii pentru autori"},"content":{"rendered":"<p><strong>Procesul de peer-review<\/strong><\/p>\n<p>&nbsp;<\/p>\n<p>\u00cen vederea public\u0103rii articolelor fie \u00een volumul print al Conferin\u021bei, fie prin \u00eenc\u0103rcarea lor \u00een bazele de date interna\u021bionale, articolele sunt analizate prin procesul de Peer Review &#8220;in dublu orb&#8221; (\u201ddouble blind\u201d), conform procedurilor opera\u0163ionale interne. \u00cen cadrul procesului de selec\u0163ie, numele autorului nu este cunoscut \u2013 fiind \u00eenlocuit cu un num\u0103r de identificare, astfel \u00eenc\u00e2t procesul s\u0103 fie unul obiectiv. Nici numele recenzentului nu e cunoscut de c\u0103tre autor.<\/p>\n<p>Rata de refuz al articolelor este de 20%<\/p>\n<p>Rapoartele de peer-review sunt \u00eentocmite de c\u0103tre Comitetului de Referen\u0163i \u015fi al\u0163i membri ai colectivului de redac\u0163ie. Durata procesului este de trei p\u00e2n\u0103 la cinci s\u0103pt\u0103m\u00e2ni, iar r\u0103spunsurile pot fi \u201earticol acceptat\u201d, \u201earticol acceptat cu modific\u0103ri cerute autorilor\u201d sau \u201earticol refuzat\u201d.<\/p>\n<p>&nbsp;<\/p>\n<p><strong>Reguli de etic\u0103 \u0219i malpraxis<\/strong><\/p>\n<p>&nbsp;<\/p>\n<p>Studiile trimise pentru publicare, care nu corespund exigen\u0163elor \u015ftiin\u0163ifice ale Comitetului de Referen\u0163i \u015fi care nu respect\u0103 normele redac\u0163ionale stabilite de Colectivului de Redac\u0163ie, nu vor fi acceptate. Respingem \u015fi combatem articolele plagiate. Un alt criteriu al selec\u021biei este cel al originalit\u0103\u021bii textelor. Un articol este respins, pentru \u00eenc\u0103lcarea caracterului etic, \u0219i dac\u0103 este publicat \u00een paralel \u00een alte reviste sau dac\u0103 a fost prezentat anterior \u00een alte conferin\u021be. Obliga\u0163ia corecturii materialelor \u015fi a respect\u0103rii reglement\u0103rilor de tehnoredactare \u015fi aplicare a prevederilor Legii drepturilor de autor revin autorilor. Dac\u0103 un autor , at\u00e2ta vreme c\u00e2t articolul se afl\u0103 \u00een procesul de peer-review, \u00ee\u0219i d\u0103 seama c\u0103 a comis o eroare, trebuie s\u0103 contacteze editorii Conferin\u021bei sau ai publica\u021biei.<\/p>\n<p>Pe parcursul procesului de recenzare, editorii \u0219i referen\u021bii p\u0103streaz\u0103 confiden\u021bialitatea informa\u021biilor \u0219i a datelor autorului.<br \/>\nModul \u00een care autorii articolelor \u015fi studiilor respect\u0103 prevederile Legisla\u0163iei drepturilor de autor, Legii 1\/2011 \u015fi Regulamentele interne privind activitatea de cercetare \u015fi crea\u0163ie artistic\u0103 pot fi verificate \u015fi prin utilizarea programului de verificare a plagiatului acreditat de c\u0103tre Ministerul de resort (\u015fi CNCIS). Autorul fiec\u0103rui articol trebuie s\u0103 trimit\u0103 redac\u0163iei o prezentare succint\u0103 a activit\u0103\u0163ii de cercetare \u015fi crea\u0163ie, a apartene\u0163ei institu\u0163ionale.<\/p>\n","protected":false},"excerpt":{"rendered":"<p>Procesul de peer-review &nbsp; \u00cen vederea public\u0103rii articolelor fie \u00een volumul print al Conferin\u021bei, fie prin \u00eenc\u0103rcarea lor \u00een bazele de date interna\u021bionale, articolele sunt analizate prin procesul de Peer Review &#8220;in dublu orb&#8221; (\u201ddouble blind\u201d), conform procedurilor opera\u0163ionale interne. \u00cen cadrul procesului de selec\u0163ie, numele autorului nu este cunoscut \u2013 fiind \u00eenlocuit cu un num\u0103r de identificare, astfel \u00eenc\u00e2t [&hellip;]<\/p>\n","protected":false},"author":1,"featured_media":0,"parent":0,"menu_order":0,"comment_status":"closed","ping_status":"closed","template":"","meta":{"footnotes":""},"class_list":["post-95","page","type-page","status-publish","hentry"],"_links":{"self":[{"href":"https:\/\/conferinte.artes-teatru.ro\/index.php?rest_route=\/wp\/v2\/pages\/95","targetHints":{"allow":["GET"]}}],"collection":[{"href":"https:\/\/conferinte.artes-teatru.ro\/index.php?rest_route=\/wp\/v2\/pages"}],"about":[{"href":"https:\/\/conferinte.artes-teatru.ro\/index.php?rest_route=\/wp\/v2\/types\/page"}],"author":[{"embeddable":true,"href":"https:\/\/conferinte.artes-teatru.ro\/index.php?rest_route=\/wp\/v2\/users\/1"}],"replies":[{"embeddable":true,"href":"https:\/\/conferinte.artes-teatru.ro\/index.php?rest_route=%2Fwp%2Fv2%2Fcomments&post=95"}],"version-history":[{"count":4,"href":"https:\/\/conferinte.artes-teatru.ro\/index.php?rest_route=\/wp\/v2\/pages\/95\/revisions"}],"predecessor-version":[{"id":164,"href":"https:\/\/conferinte.artes-teatru.ro\/index.php?rest_route=\/wp\/v2\/pages\/95\/revisions\/164"}],"wp:attachment":[{"href":"https:\/\/conferinte.artes-teatru.ro\/index.php?rest_route=%2Fwp%2Fv2%2Fmedia&parent=95"}],"curies":[{"name":"wp","href":"https:\/\/api.w.org\/{rel}","templated":true}]}}